{"id":1869,"date":"2019-08-30T21:53:02","date_gmt":"2019-08-30T19:53:02","guid":{"rendered":"http:\/\/gruene-lk-ks.de\/baunatal\/?page_id=1869"},"modified":"2019-08-30T21:54:07","modified_gmt":"2019-08-30T19:54:07","slug":"fragen-2017","status":"publish","type":"page","link":"http:\/\/gruene-lk-ks.de\/baunatal\/aktuelles-aus-der-stavo\/fragestunde\/fragen-2017\/","title":{"rendered":"Fragen 2017"},"content":{"rendered":"\n<h4>Gr\u00fcne Fragen&nbsp;aus der Stavo vom 13.01.17<\/h4>\n\n\n\n<p><a href=\"http:\/\/gruene-lk-ks.de\/baunatal\/files\/2017\/01\/2017_Fragestunde-1_Sporthalle-Hertingshausen.pdf\">Anfrage: Sporthalle Hertingshausen<\/a><\/p>\n\n\n\n<p><a href=\"http:\/\/gruene-lk-ks.de\/baunatal\/files\/2017\/01\/2017_Fragestunde-1_Stra\u00dfenreinigung-Wilhelmsh\u00f6her-Str.pdf\">Anfrage: Stra\u00dfenreinigung Wilhelmsh\u00f6her Str.<\/a><\/p>\n","protected":false},"excerpt":{"rendered":"<p>Gr\u00fcne Fragen&nbsp;aus der Stavo vom 13.01.17 Anfrage: Sporthalle Hertingshausen Anfrage: Stra\u00dfenreinigung Wilhelmsh\u00f6her Str.<\/p>\n","protected":false},"author":20,"featured_media":0,"parent":801,"menu_order":0,"comment_status":"closed","ping_status":"closed","template":"","meta":{"ngg_post_thumbnail":0},"_links":{"self":[{"href":"http:\/\/gruene-lk-ks.de\/baunatal\/wp-json\/wp\/v2\/pages\/1869"}],"collection":[{"href":"http:\/\/gruene-lk-ks.de\/baunatal\/wp-json\/wp\/v2\/pages"}],"about":[{"href":"http:\/\/gruene-lk-ks.de\/baunatal\/wp-json\/wp\/v2\/types\/page"}],"author":[{"embeddable":true,"href":"http:\/\/gruene-lk-ks.de\/baunatal\/wp-json\/wp\/v2\/users\/20"}],"replies":[{"embeddable":true,"href":"http:\/\/gruene-lk-ks.de\/baunatal\/wp-json\/wp\/v2\/comments?post=1869"}],"version-history":[{"count":2,"href":"http:\/\/gruene-lk-ks.de\/baunatal\/wp-json\/wp\/v2\/pages\/1869\/revisions"}],"predecessor-version":[{"id":1872,"href":"http:\/\/gruene-lk-ks.de\/baunatal\/wp-json\/wp\/v2\/pages\/1869\/revisions\/1872"}],"up":[{"embeddable":true,"href":"http:\/\/gruene-lk-ks.de\/baunatal\/wp-json\/wp\/v2\/pages\/801"}],"wp:attachment":[{"href":"http:\/\/gruene-lk-ks.de\/baunatal\/wp-json\/wp\/v2\/media?parent=1869"}],"curies":[{"name":"wp","href":"https:\/\/api.w.org\/{rel}","templated":true}]}}