{"id":3846,"date":"2024-07-19T08:59:55","date_gmt":"2024-07-19T06:59:55","guid":{"rendered":"http:\/\/gruene-lk-ks.de\/baunatal\/?page_id=3846"},"modified":"2024-08-26T13:13:56","modified_gmt":"2024-08-26T11:13:56","slug":"e-auto","status":"publish","type":"page","link":"http:\/\/gruene-lk-ks.de\/baunatal\/e-auto\/","title":{"rendered":"Infotag E-Mobilit\u00e4t"},"content":{"rendered":"\n<figure class=\"wp-block-image size-large\"><a class=\"fancybox\" rel=\"gallery3846\" href=\"http:\/\/gruene-lk-ks.de\/baunatal\/files\/2024\/08\/signal-2024-08-07-110536_003-e1723027210312.jpeg\"><img loading=\"lazy\" width=\"800\" height=\"660\" src=\"http:\/\/gruene-lk-ks.de\/baunatal\/files\/2024\/08\/signal-2024-08-07-110536_003-e1723027210312.jpeg\" alt=\"\" class=\"wp-image-3880\" srcset=\"http:\/\/gruene-lk-ks.de\/baunatal\/files\/2024\/08\/signal-2024-08-07-110536_003-e1723027210312.jpeg 800w, http:\/\/gruene-lk-ks.de\/baunatal\/files\/2024\/08\/signal-2024-08-07-110536_003-e1723027210312-400x330.jpeg 400w, http:\/\/gruene-lk-ks.de\/baunatal\/files\/2024\/08\/signal-2024-08-07-110536_003-e1723027210312-768x634.jpeg 768w, http:\/\/gruene-lk-ks.de\/baunatal\/files\/2024\/08\/signal-2024-08-07-110536_003-e1723027210312-150x124.jpeg 150w\" sizes=\"(max-width: 800px) 100vw, 800px\" \/><\/a><\/figure>\n\n\n\n<p>Die Arbeitsgemeinschaft Energie des OV B\u00fcndnis 90\/Gr\u00fcnen l\u00e4d zu einer besonderen Infoveranstaltung zum Thema E-Mobilit\u00e4t ein. Neben der Theorie, welche durch einen Filmvortrag mit Prof. Dr. Volker Quaschning und RednerInnen vom Bundesverband eMobilit\u00e4t, St\u00e4dtische Werke AG sowie der EAM Natur Energie begleitet wird, <strong>kann man sich auch ganz praktisch mit dem Thema auseinandersetzen<\/strong>. Es werden verschiedene E-Autos mit ihren BesitzerInnen vor Ort sein, so dass man sich verschiedene Modelle anschauen kann. Oder man kann auch selber einfach mal einen Ladevorgang an einer Lades\u00e4ule starten. Welche Bezahlmethoden gibt es? Was kostet das Laden an der S\u00e4ule? Welche Anbieter gibt es? Was sind die Vor- und Nachteile? All das k\u00f6nnen Sie unsere geladenen Fachleute und die erprobten E-Auto FahreInnen vor Ort fragen.<\/p>\n\n\n\n<p>Wir freuen uns auf Ihren Besuch.<\/p>\n\n\n\n<p>Bei allgemeinen Fragen oder solchen f\u00fcr die Podiumsdiskussion: <a href=\"mailto:AG-Energie.Baunatal@gmx.de\" target=\"_blank\" rel=\"noreferrer noopener\">AG-Energie.Baunatal@gmx.de<\/a><\/p>\n\n\n\n<div class=\"wp-block-file\"><a href=\"http:\/\/gruene-lk-ks.de\/baunatal\/files\/2024\/07\/AG-Energie-Flyer-Homepage.pdf\">AG-Energie-Flyer-Homepage<\/a><a href=\"http:\/\/gruene-lk-ks.de\/baunatal\/files\/2024\/07\/AG-Energie-Flyer-Homepage.pdf\" class=\"wp-block-file__button\" download>Herunterladen<\/a><\/div>\n\n\n\n<figure class=\"wp-block-image size-large\"><a class=\"fancybox\" rel=\"gallery3846\" href=\"http:\/\/gruene-lk-ks.de\/baunatal\/files\/2024\/08\/2024_08-AGEnergie-Flyer_web-1.jpg\"><img loading=\"lazy\" width=\"283\" height=\"595\" src=\"http:\/\/gruene-lk-ks.de\/baunatal\/files\/2024\/08\/2024_08-AGEnergie-Flyer_web-1.jpg\" alt=\"\" class=\"wp-image-3873\" srcset=\"http:\/\/gruene-lk-ks.de\/baunatal\/files\/2024\/08\/2024_08-AGEnergie-Flyer_web-1.jpg 283w, http:\/\/gruene-lk-ks.de\/baunatal\/files\/2024\/08\/2024_08-AGEnergie-Flyer_web-1-71x150.jpg 71w\" sizes=\"(max-width: 283px) 100vw, 283px\" \/><\/a><\/figure>\n\n\n\n<figure class=\"wp-block-image size-large\"><a class=\"fancybox\" rel=\"gallery3846\" href=\"http:\/\/gruene-lk-ks.de\/baunatal\/files\/2024\/08\/2024_08-AGEnergie-Flyer_web-2.jpg\"><img loading=\"lazy\" width=\"283\" height=\"595\" src=\"http:\/\/gruene-lk-ks.de\/baunatal\/files\/2024\/08\/2024_08-AGEnergie-Flyer_web-2.jpg\" alt=\"\" class=\"wp-image-3874\" srcset=\"http:\/\/gruene-lk-ks.de\/baunatal\/files\/2024\/08\/2024_08-AGEnergie-Flyer_web-2.jpg 283w, http:\/\/gruene-lk-ks.de\/baunatal\/files\/2024\/08\/2024_08-AGEnergie-Flyer_web-2-71x150.jpg 71w\" sizes=\"(max-width: 283px) 100vw, 283px\" \/><\/a><\/figure>\n\n\n\n<figure class=\"wp-block-image size-large\"><a class=\"fancybox\" rel=\"gallery3846\" href=\"http:\/\/gruene-lk-ks.de\/baunatal\/files\/2024\/08\/2024_08-AGEnergie-Flyer_web-4.jpg\"><img loading=\"lazy\" width=\"283\" height=\"595\" src=\"http:\/\/gruene-lk-ks.de\/baunatal\/files\/2024\/08\/2024_08-AGEnergie-Flyer_web-4.jpg\" alt=\"\" class=\"wp-image-3876\" srcset=\"http:\/\/gruene-lk-ks.de\/baunatal\/files\/2024\/08\/2024_08-AGEnergie-Flyer_web-4.jpg 283w, http:\/\/gruene-lk-ks.de\/baunatal\/files\/2024\/08\/2024_08-AGEnergie-Flyer_web-4-71x150.jpg 71w\" sizes=\"(max-width: 283px) 100vw, 283px\" \/><\/a><\/figure>\n\n\n\n<figure class=\"wp-block-image size-large\"><a class=\"fancybox\" rel=\"gallery3846\" href=\"http:\/\/gruene-lk-ks.de\/baunatal\/files\/2024\/08\/2024_08-AGEnergie-Flyer_web-3.jpg\"><img loading=\"lazy\" width=\"283\" height=\"595\" src=\"http:\/\/gruene-lk-ks.de\/baunatal\/files\/2024\/08\/2024_08-AGEnergie-Flyer_web-3.jpg\" alt=\"\" class=\"wp-image-3875\" srcset=\"http:\/\/gruene-lk-ks.de\/baunatal\/files\/2024\/08\/2024_08-AGEnergie-Flyer_web-3.jpg 283w, http:\/\/gruene-lk-ks.de\/baunatal\/files\/2024\/08\/2024_08-AGEnergie-Flyer_web-3-71x150.jpg 71w\" sizes=\"(max-width: 283px) 100vw, 283px\" \/><\/a><\/figure>\n\n\n\n<figure class=\"wp-block-image size-large\"><a class=\"fancybox\" rel=\"gallery3846\" href=\"http:\/\/gruene-lk-ks.de\/baunatal\/files\/2024\/08\/2024_08-AGEnergie-Flyer_web-5.jpg\"><img loading=\"lazy\" width=\"283\" height=\"595\" src=\"http:\/\/gruene-lk-ks.de\/baunatal\/files\/2024\/08\/2024_08-AGEnergie-Flyer_web-5.jpg\" alt=\"\" class=\"wp-image-3877\" srcset=\"http:\/\/gruene-lk-ks.de\/baunatal\/files\/2024\/08\/2024_08-AGEnergie-Flyer_web-5.jpg 283w, http:\/\/gruene-lk-ks.de\/baunatal\/files\/2024\/08\/2024_08-AGEnergie-Flyer_web-5-71x150.jpg 71w\" sizes=\"(max-width: 283px) 100vw, 283px\" \/><\/a><\/figure>\n\n\n\n<figure class=\"wp-block-image size-large\"><a class=\"fancybox\" rel=\"gallery3846\" href=\"http:\/\/gruene-lk-ks.de\/baunatal\/files\/2024\/08\/2024_08-AGEnergie-Flyer_web-6.jpg\"><img loading=\"lazy\" width=\"282\" height=\"595\" src=\"http:\/\/gruene-lk-ks.de\/baunatal\/files\/2024\/08\/2024_08-AGEnergie-Flyer_web-6.jpg\" alt=\"\" class=\"wp-image-3878\" srcset=\"http:\/\/gruene-lk-ks.de\/baunatal\/files\/2024\/08\/2024_08-AGEnergie-Flyer_web-6.jpg 282w, http:\/\/gruene-lk-ks.de\/baunatal\/files\/2024\/08\/2024_08-AGEnergie-Flyer_web-6-71x150.jpg 71w\" sizes=\"(max-width: 282px) 100vw, 282px\" \/><\/a><\/figure>\n","protected":false},"excerpt":{"rendered":"<p>Die Arbeitsgemeinschaft Energie des OV B\u00fcndnis 90\/Gr\u00fcnen l\u00e4d zu einer besonderen Infoveranstaltung zum Thema E-Mobilit\u00e4t ein. Neben der Theorie, welche durch einen Filmvortrag mit Prof. Dr. Volker Quaschning und RednerInnen&#8230; <\/p>\n","protected":false},"author":20,"featured_media":0,"parent":0,"menu_order":0,"comment_status":"closed","ping_status":"closed","template":"","meta":{"ngg_post_thumbnail":0},"_links":{"self":[{"href":"http:\/\/gruene-lk-ks.de\/baunatal\/wp-json\/wp\/v2\/pages\/3846"}],"collection":[{"href":"http:\/\/gruene-lk-ks.de\/baunatal\/wp-json\/wp\/v2\/pages"}],"about":[{"href":"http:\/\/gruene-lk-ks.de\/baunatal\/wp-json\/wp\/v2\/types\/page"}],"author":[{"embeddable":true,"href":"http:\/\/gruene-lk-ks.de\/baunatal\/wp-json\/wp\/v2\/users\/20"}],"replies":[{"embeddable":true,"href":"http:\/\/gruene-lk-ks.de\/baunatal\/wp-json\/wp\/v2\/comments?post=3846"}],"version-history":[{"count":8,"href":"http:\/\/gruene-lk-ks.de\/baunatal\/wp-json\/wp\/v2\/pages\/3846\/revisions"}],"predecessor-version":[{"id":3899,"href":"http:\/\/gruene-lk-ks.de\/baunatal\/wp-json\/wp\/v2\/pages\/3846\/revisions\/3899"}],"wp:attachment":[{"href":"http:\/\/gruene-lk-ks.de\/baunatal\/wp-json\/wp\/v2\/media?parent=3846"}],"curies":[{"name":"wp","href":"https:\/\/api.w.org\/{rel}","templated":true}]}}