{"id":18,"date":"2011-05-31T18:46:50","date_gmt":"2011-05-31T16:46:50","guid":{"rendered":"http:\/\/www.uup-webdesign.de\/gruene-sonneberg\/?page_id=18"},"modified":"2020-05-19T19:27:27","modified_gmt":"2020-05-19T17:27:27","slug":"unsere-themen","status":"publish","type":"page","link":"http:\/\/gruene-lk-ks.de\/niestetal\/unsere-themen\/","title":{"rendered":"Unsere Themen"},"content":{"rendered":"<p><strong><u>So verstehen wir uns:<\/u><\/strong><\/p>\n<p>Unsere politische Arbeit geht von den Grundprinzipien \u00d6KOLOGISCH, BASISDEMOKRATISCH, SOZIAL, RECHTSSTAATLICH und GEWALTFREI aus.<\/p>\n<p>Die Offenheit zum Gespr\u00e4ch und zur Zusammenarbeit mit allen Personen und Gruppen, die in ihrem Handeln mit diesen Grundprinzipien im Einklang stehen, geh\u00f6rt zu unserem Selbstverst\u00e4ndnis.<\/p>\n<p>Wir arbeiten konstruktiv an den politischen Entscheidungen mit und sind hierbei Ansprechpersonen der B\u00fcrgerinnen und B\u00fcrger.<\/p>\n<p>Wir sind verl\u00e4sslich und vertreten unsere Standpunkte. Im Sinne b\u00fcrgerfreundlicher Politik handeln wir nicht dogmatisch, sondern sind auch kompromissbereit, wenn es notwendig ist.<\/p>\n<p>Wir Gr\u00fcnen in Niestetal sind auch nicht immer alle einer Meinung. Bei uns kann jeder mitmachen, eine Mitgliedschaft bei B\u00fcndnis 90\/Die Gr\u00fcnen ist keine Voraussetzung. Aber uns verbindet ein gemeinsames Verst\u00e4ndnis \u00f6kologischer, basisdemokratischer, sozialer, rechtsstaatlicher und gewaltfreier Politik.<\/p>\n<p><strong><u>&nbsp;<\/u><\/strong><\/p>\n<p><strong><u>Das treibt uns an:<\/u><\/strong><\/p>\n<p>Gr\u00fcne Inhalte und Themen in Niestetal umsetzen.<\/p>\n<p>Wir f\u00f6rdern und fordern ein demokratisches Miteinander, politische Pluralit\u00e4t und Meinungsvielfalt. Wir sind respektvoll im Umgang und sachorientiert.<\/p>\n<p>Wir setzen uns ein f\u00fcr eine tolerante Gesellschaft und gegen Ausgrenzung.<\/p>\n<p>Wir bieten neue Perspektiven, Ideen und Vorschl\u00e4ge an.<\/p>\n<p><strong><u>Themen und Ziele unserer Arbeit:<\/u><\/strong><\/p>\n<ul>\n<li>Sozialer Wohnungsbau<\/li>\n<li>Entwicklung umweltschonender und b\u00fcrgerfreundlicher Verkehrskonzepte<\/li>\n<li>F\u00f6rderung alternativer Energien<\/li>\n<li>Nachhaltiger Einsatz nat\u00fcrlicher Ressourcen<\/li>\n<li>Verl\u00e4ssliche Angebote bei Kultur, Freizeit und Sport<\/li>\n<li>Erhalt des Naturerlebnisbads<\/li>\n<li>Augenma\u00df bei Investitionen und Ausgaben<\/li>\n<li>Angemessene Kostenentwicklung bei der Verwaltung<\/li>\n<\/ul>\n","protected":false},"excerpt":{"rendered":"<p>So verstehen wir uns: Unsere politische Arbeit geht von den Grundprinzipien \u00d6KOLOGISCH, BASISDEMOKRATISCH, SOZIAL, RECHTSSTAATLICH und GEWALTFREI aus. Die Offenheit zum Gespr\u00e4ch und zur Zusammenarbeit mit allen Personen und Gruppen,&#8230; <\/p>\n","protected":false},"author":1,"featured_media":0,"parent":0,"menu_order":2,"comment_status":"closed","ping_status":"closed","template":"","meta":{"ngg_post_thumbnail":0},"_links":{"self":[{"href":"http:\/\/gruene-lk-ks.de\/niestetal\/wp-json\/wp\/v2\/pages\/18"}],"collection":[{"href":"http:\/\/gruene-lk-ks.de\/niestetal\/wp-json\/wp\/v2\/pages"}],"about":[{"href":"http:\/\/gruene-lk-ks.de\/niestetal\/wp-json\/wp\/v2\/types\/page"}],"author":[{"embeddable":true,"href":"http:\/\/gruene-lk-ks.de\/niestetal\/wp-json\/wp\/v2\/users\/1"}],"replies":[{"embeddable":true,"href":"http:\/\/gruene-lk-ks.de\/niestetal\/wp-json\/wp\/v2\/comments?post=18"}],"version-history":[{"count":4,"href":"http:\/\/gruene-lk-ks.de\/niestetal\/wp-json\/wp\/v2\/pages\/18\/revisions"}],"predecessor-version":[{"id":356,"href":"http:\/\/gruene-lk-ks.de\/niestetal\/wp-json\/wp\/v2\/pages\/18\/revisions\/356"}],"wp:attachment":[{"href":"http:\/\/gruene-lk-ks.de\/niestetal\/wp-json\/wp\/v2\/media?parent=18"}],"curies":[{"name":"wp","href":"https:\/\/api.w.org\/{rel}","templated":true}]}}