{"id":1006,"date":"2026-02-15T17:42:45","date_gmt":"2026-02-15T15:42:45","guid":{"rendered":"http:\/\/gruene-lk-ks.de\/schauenburg\/?page_id=1006"},"modified":"2026-03-11T19:56:30","modified_gmt":"2026-03-11T17:56:30","slug":"veranstaltungen","status":"publish","type":"page","link":"http:\/\/gruene-lk-ks.de\/schauenburg\/veranstaltungen\/","title":{"rendered":"Veranstaltungen: Gr\u00fcner Informationsstand am 07.03.2026 und 14.03.2026"},"content":{"rendered":"\n<p>Wir laden ein zum Besuch unseres <strong>Gr\u00fcnen Informationsstandes<\/strong> <\/p>\n\n\n\n<p><strong>am 07.03.2026 und 14.03.2026 jeweils zwischen 9.30 und 12.30 Uhr vor dem EDEKA- Markt in Elgershausen. <\/strong><\/p>\n\n\n\n<p>Wir haben ein offenes Ohr f\u00fcr Anregungen und Kritik, beantworten gern Ihre Fragen und freuen uns auf gute, sachliche Gespr\u00e4che.<\/p>\n\n\n\n<figure class=\"wp-block-image size-large\"><a class=\"fancybox\" rel=\"gallery1006\" href=\"http:\/\/gruene-lk-ks.de\/schauenburg\/files\/2026\/03\/Screenshot_20260305-0831003.jpg\"><img loading=\"lazy\" width=\"778\" height=\"1200\" src=\"http:\/\/gruene-lk-ks.de\/schauenburg\/files\/2026\/03\/Screenshot_20260305-0831003-778x1200.jpg\" alt=\"\" class=\"wp-image-1071\" srcset=\"http:\/\/gruene-lk-ks.de\/schauenburg\/files\/2026\/03\/Screenshot_20260305-0831003-778x1200.jpg 778w, http:\/\/gruene-lk-ks.de\/schauenburg\/files\/2026\/03\/Screenshot_20260305-0831003-389x600.jpg 389w, http:\/\/gruene-lk-ks.de\/schauenburg\/files\/2026\/03\/Screenshot_20260305-0831003-768x1185.jpg 768w, http:\/\/gruene-lk-ks.de\/schauenburg\/files\/2026\/03\/Screenshot_20260305-0831003-996x1536.jpg 996w, http:\/\/gruene-lk-ks.de\/schauenburg\/files\/2026\/03\/Screenshot_20260305-0831003-97x150.jpg 97w, http:\/\/gruene-lk-ks.de\/schauenburg\/files\/2026\/03\/Screenshot_20260305-0831003.jpg 1165w\" sizes=\"(max-width: 778px) 100vw, 778px\" \/><\/a><\/figure>\n\n\n\n<p><\/p>\n\n\n\n<div style=\"height:100px\" aria-hidden=\"true\" class=\"wp-block-spacer\"><\/div>\n\n\n\n<h4 class=\"has-text-align-center\">\u00d6ffentliche Fraktionssitzung und Gr\u00fcner Tisch<\/h4>\n\n\n\n<h2 class=\"has-text-align-center\">mit Vortrag<\/h2>\n\n\n\n<h3 class=\"has-text-align-center\">&#8220;Kommunale W\u00e4rmeplanung<br>Der Weg von \u00d6l- &amp; Gasheizung hin zu erneuerbaren Energien&#8221;<br><br><\/h3>\n\n\n\n<figure class=\"wp-block-image size-large\"><a class=\"fancybox\" rel=\"gallery1006\" href=\"http:\/\/gruene-lk-ks.de\/schauenburg\/files\/2026\/02\/Weg-zu-erneuerbaren-Energien-1.png\"><img loading=\"lazy\" width=\"800\" height=\"533\" src=\"http:\/\/gruene-lk-ks.de\/schauenburg\/files\/2026\/02\/Weg-zu-erneuerbaren-Energien-1-800x533.png\" alt=\"\" class=\"wp-image-1012\" srcset=\"http:\/\/gruene-lk-ks.de\/schauenburg\/files\/2026\/02\/Weg-zu-erneuerbaren-Energien-1-800x533.png 800w, http:\/\/gruene-lk-ks.de\/schauenburg\/files\/2026\/02\/Weg-zu-erneuerbaren-Energien-1-400x267.png 400w, http:\/\/gruene-lk-ks.de\/schauenburg\/files\/2026\/02\/Weg-zu-erneuerbaren-Energien-1-768x512.png 768w, http:\/\/gruene-lk-ks.de\/schauenburg\/files\/2026\/02\/Weg-zu-erneuerbaren-Energien-1-150x100.png 150w, http:\/\/gruene-lk-ks.de\/schauenburg\/files\/2026\/02\/Weg-zu-erneuerbaren-Energien-1.png 1536w\" sizes=\"(max-width: 800px) 100vw, 800px\" \/><\/a><\/figure>\n\n\n\n<h3 class=\"has-text-align-center\">am 04.03.2026 um 18.00 Uhr<\/h3>\n\n\n\n<h4 class=\"has-text-align-center\">im Dorfgemeinschaftshaus Breitenbach, Niedensteiner Str. 9, Schauenburg- Breitenbach<\/h4>\n\n\n\n<p><strong>Der Vortrag beinhaltet Tipps und Infos zum Umstieg von \u00d6l- und Gasheizung hin zu den erneuerbaren Energien. Am Beispiel der kommunalen W\u00e4rmeplanung von Schauenburg wird erl\u00e4utert, wie Sie den Umstieg in den n\u00e4chsten Jahren planen und gestalten k\u00f6nnen.<br>Es gibt Hinweise zu den zur Zeit bestehenden F\u00f6rderm\u00f6glichkeiten durch Bund und Land<\/strong>. <\/p>\n\n\n\n<h4>B\u00fcndnis 90\/Die Gr\u00fcnen freuen sich auf Ihren Besuch!<\/h4>\n\n\n\n<p><\/p>\n\n\n\n<h2>Einen Bericht \u00fcber diesen Vortrag finden Sie unter &#8220;Neueste Beitr\u00e4ge&#8221;.<\/h2>\n\n\n\n<p><\/p>\n","protected":false},"excerpt":{"rendered":"<p>Wir laden ein zum Besuch unseres Gr\u00fcnen Informationsstandes am 07.03.2026 und 14.03.2026 jeweils zwischen 9.30 und 12.30 Uhr vor dem EDEKA- Markt in Elgershausen. Wir haben ein offenes Ohr f\u00fcr&#8230; <\/p>\n","protected":false},"author":21,"featured_media":0,"parent":0,"menu_order":0,"comment_status":"closed","ping_status":"closed","template":"","meta":{"ngg_post_thumbnail":0},"_links":{"self":[{"href":"http:\/\/gruene-lk-ks.de\/schauenburg\/wp-json\/wp\/v2\/pages\/1006"}],"collection":[{"href":"http:\/\/gruene-lk-ks.de\/schauenburg\/wp-json\/wp\/v2\/pages"}],"about":[{"href":"http:\/\/gruene-lk-ks.de\/schauenburg\/wp-json\/wp\/v2\/types\/page"}],"author":[{"embeddable":true,"href":"http:\/\/gruene-lk-ks.de\/schauenburg\/wp-json\/wp\/v2\/users\/21"}],"replies":[{"embeddable":true,"href":"http:\/\/gruene-lk-ks.de\/schauenburg\/wp-json\/wp\/v2\/comments?post=1006"}],"version-history":[{"count":10,"href":"http:\/\/gruene-lk-ks.de\/schauenburg\/wp-json\/wp\/v2\/pages\/1006\/revisions"}],"predecessor-version":[{"id":1076,"href":"http:\/\/gruene-lk-ks.de\/schauenburg\/wp-json\/wp\/v2\/pages\/1006\/revisions\/1076"}],"wp:attachment":[{"href":"http:\/\/gruene-lk-ks.de\/schauenburg\/wp-json\/wp\/v2\/media?parent=1006"}],"curies":[{"name":"wp","href":"https:\/\/api.w.org\/{rel}","templated":true}]}}