{"id":1087,"date":"2026-03-17T18:38:06","date_gmt":"2026-03-17T16:38:06","guid":{"rendered":"http:\/\/gruene-lk-ks.de\/schauenburg\/?page_id=1087"},"modified":"2026-03-17T18:38:06","modified_gmt":"2026-03-17T16:38:06","slug":"kommunalwahl-2026","status":"publish","type":"page","link":"http:\/\/gruene-lk-ks.de\/schauenburg\/kommunalwahl-2026\/","title":{"rendered":"Kommunalwahl 2026"},"content":{"rendered":"\n<figure class=\"wp-block-image size-large is-resized\"><a class=\"fancybox\" rel=\"gallery1087\" href=\"http:\/\/gruene-lk-ks.de\/schauenburg\/files\/2026\/03\/Danke.jpg\"><img loading=\"lazy\" src=\"http:\/\/gruene-lk-ks.de\/schauenburg\/files\/2026\/03\/Danke-800x1021.jpg\" alt=\"\" class=\"wp-image-1088\" width=\"583\" height=\"745\" srcset=\"http:\/\/gruene-lk-ks.de\/schauenburg\/files\/2026\/03\/Danke-800x1021.jpg 800w, http:\/\/gruene-lk-ks.de\/schauenburg\/files\/2026\/03\/Danke-400x511.jpg 400w, http:\/\/gruene-lk-ks.de\/schauenburg\/files\/2026\/03\/Danke-768x980.jpg 768w, http:\/\/gruene-lk-ks.de\/schauenburg\/files\/2026\/03\/Danke-118x150.jpg 118w, http:\/\/gruene-lk-ks.de\/schauenburg\/files\/2026\/03\/Danke.jpg 1064w\" sizes=\"(max-width: 583px) 100vw, 583px\" \/><\/a><\/figure>\n\n\n\n<p class=\"has-text-align-left\"><strong>Herzlichen Dank an alle W\u00e4hlerinnen und W\u00e4hler f\u00fcr Ihre Stimmen! Diese sind uns Best\u00e4tigung f\u00fcr unsere bisherige Arbeit und Ansporn f\u00fcr die kommende Legislaturperiode<\/strong>!<\/p>\n\n\n\n<p class=\"has-text-align-left\">Mit Ihnen gemeinsam werden wir uns f\u00fcr den Erhalt unserer Lebensgrundlagen, soziale Gerechtigkeit und Demokratie einsetzen.<\/p>\n\n\n\n<p class=\"has-text-align-left\"><strong>F\u00fcr eine<\/strong> <strong>lebenswerte Zukunft in Schauenburg<\/strong>!<strong> Gemeinsam geht&#8217;s.<\/strong><\/p>\n\n\n\n<p><\/p>\n\n\n\n<p><\/p>\n","protected":false},"excerpt":{"rendered":"<p>Herzlichen Dank an alle W\u00e4hlerinnen und W\u00e4hler f\u00fcr Ihre Stimmen! Diese sind uns Best\u00e4tigung f\u00fcr unsere bisherige Arbeit und Ansporn f\u00fcr die kommende Legislaturperiode! Mit Ihnen gemeinsam werden wir uns&#8230; <\/p>\n","protected":false},"author":21,"featured_media":0,"parent":0,"menu_order":0,"comment_status":"closed","ping_status":"closed","template":"","meta":{"ngg_post_thumbnail":0},"_links":{"self":[{"href":"http:\/\/gruene-lk-ks.de\/schauenburg\/wp-json\/wp\/v2\/pages\/1087"}],"collection":[{"href":"http:\/\/gruene-lk-ks.de\/schauenburg\/wp-json\/wp\/v2\/pages"}],"about":[{"href":"http:\/\/gruene-lk-ks.de\/schauenburg\/wp-json\/wp\/v2\/types\/page"}],"author":[{"embeddable":true,"href":"http:\/\/gruene-lk-ks.de\/schauenburg\/wp-json\/wp\/v2\/users\/21"}],"replies":[{"embeddable":true,"href":"http:\/\/gruene-lk-ks.de\/schauenburg\/wp-json\/wp\/v2\/comments?post=1087"}],"version-history":[{"count":4,"href":"http:\/\/gruene-lk-ks.de\/schauenburg\/wp-json\/wp\/v2\/pages\/1087\/revisions"}],"predecessor-version":[{"id":1092,"href":"http:\/\/gruene-lk-ks.de\/schauenburg\/wp-json\/wp\/v2\/pages\/1087\/revisions\/1092"}],"wp:attachment":[{"href":"http:\/\/gruene-lk-ks.de\/schauenburg\/wp-json\/wp\/v2\/media?parent=1087"}],"curies":[{"name":"wp","href":"https:\/\/api.w.org\/{rel}","templated":true}]}}