{"id":109,"date":"2020-12-04T21:57:41","date_gmt":"2020-12-04T19:57:41","guid":{"rendered":"http:\/\/gruene-lk-ks.de\/schauenburg\/?page_id=109"},"modified":"2026-02-16T12:43:08","modified_gmt":"2026-02-16T10:43:08","slug":"gremien","status":"publish","type":"page","link":"http:\/\/gruene-lk-ks.de\/schauenburg\/gremien\/","title":{"rendered":"Gremien"},"content":{"rendered":"\n<p><strong>Gemeindevorstandsmitglied<\/strong>                                   <\/p>\n\n\n\n<p>Rolf Frieling      <\/p>\n\n\n\n<figure class=\"wp-block-image size-large is-resized\"><a class=\"fancybox\" rel=\"gallery109\" href=\"http:\/\/gruene-lk-ks.de\/schauenburg\/files\/2026\/02\/Rolf-Frieling-2-scaled.jpg\"><img loading=\"lazy\" src=\"http:\/\/gruene-lk-ks.de\/schauenburg\/files\/2026\/02\/Rolf-Frieling-2-800x743.jpg\" alt=\"\" class=\"wp-image-1022\" width=\"107\" height=\"99\" srcset=\"http:\/\/gruene-lk-ks.de\/schauenburg\/files\/2026\/02\/Rolf-Frieling-2-800x743.jpg 800w, http:\/\/gruene-lk-ks.de\/schauenburg\/files\/2026\/02\/Rolf-Frieling-2-400x371.jpg 400w, http:\/\/gruene-lk-ks.de\/schauenburg\/files\/2026\/02\/Rolf-Frieling-2-768x713.jpg 768w, http:\/\/gruene-lk-ks.de\/schauenburg\/files\/2026\/02\/Rolf-Frieling-2-1536x1426.jpg 1536w, http:\/\/gruene-lk-ks.de\/schauenburg\/files\/2026\/02\/Rolf-Frieling-2-2048x1901.jpg 2048w, http:\/\/gruene-lk-ks.de\/schauenburg\/files\/2026\/02\/Rolf-Frieling-2-150x139.jpg 150w\" sizes=\"(max-width: 107px) 100vw, 107px\" \/><\/a><\/figure>\n\n\n\n<p><strong>Gemeindevertretungsmitglieder<\/strong>                              <\/p>\n\n\n\n<p>Hans-J\u00fcrgen Heinemann    (Fraktionsvorsitz)<\/p>\n\n\n\n<figure class=\"wp-block-image size-large is-resized\"><a class=\"fancybox\" rel=\"gallery109\" href=\"http:\/\/gruene-lk-ks.de\/schauenburg\/files\/2024\/03\/Hans-juergen-Heinemann.jpg\"><img loading=\"lazy\" src=\"http:\/\/gruene-lk-ks.de\/schauenburg\/files\/2024\/03\/Hans-juergen-Heinemann.jpg\" alt=\"\" class=\"wp-image-834\" width=\"98\" height=\"142\" srcset=\"http:\/\/gruene-lk-ks.de\/schauenburg\/files\/2024\/03\/Hans-juergen-Heinemann.jpg 531w, http:\/\/gruene-lk-ks.de\/schauenburg\/files\/2024\/03\/Hans-juergen-Heinemann-400x579.jpg 400w, http:\/\/gruene-lk-ks.de\/schauenburg\/files\/2024\/03\/Hans-juergen-Heinemann-104x150.jpg 104w\" sizes=\"(max-width: 98px) 100vw, 98px\" \/><\/a><\/figure>\n\n\n\n<p>Monika Anselm    (stellvertretende Fraktionsvorsitzende)<\/p>\n\n\n\n<figure class=\"wp-block-image size-large is-resized\"><a class=\"fancybox\" rel=\"gallery109\" href=\"http:\/\/gruene-lk-ks.de\/schauenburg\/files\/2024\/03\/Monika-Amseln.jpg\"><img loading=\"lazy\" src=\"http:\/\/gruene-lk-ks.de\/schauenburg\/files\/2024\/03\/Monika-Amseln.jpg\" alt=\"\" class=\"wp-image-835\" width=\"100\" height=\"115\" srcset=\"http:\/\/gruene-lk-ks.de\/schauenburg\/files\/2024\/03\/Monika-Amseln.jpg 399w, http:\/\/gruene-lk-ks.de\/schauenburg\/files\/2024\/03\/Monika-Amseln-131x150.jpg 131w\" sizes=\"(max-width: 100px) 100vw, 100px\" \/><\/a><\/figure>\n\n\n\n<p>Ulrike Heinemann<\/p>\n\n\n\n<figure class=\"wp-block-image size-large is-resized\"><a class=\"fancybox\" rel=\"gallery109\" href=\"http:\/\/gruene-lk-ks.de\/schauenburg\/files\/2026\/02\/Ulrike-Heinemann-2-scaled.jpg\"><img loading=\"lazy\" src=\"http:\/\/gruene-lk-ks.de\/schauenburg\/files\/2026\/02\/Ulrike-Heinemann-2-800x771.jpg\" alt=\"\" class=\"wp-image-1018\" width=\"117\" height=\"112\" srcset=\"http:\/\/gruene-lk-ks.de\/schauenburg\/files\/2026\/02\/Ulrike-Heinemann-2-800x771.jpg 800w, http:\/\/gruene-lk-ks.de\/schauenburg\/files\/2026\/02\/Ulrike-Heinemann-2-400x385.jpg 400w, http:\/\/gruene-lk-ks.de\/schauenburg\/files\/2026\/02\/Ulrike-Heinemann-2-768x740.jpg 768w, http:\/\/gruene-lk-ks.de\/schauenburg\/files\/2026\/02\/Ulrike-Heinemann-2-1536x1480.jpg 1536w, http:\/\/gruene-lk-ks.de\/schauenburg\/files\/2026\/02\/Ulrike-Heinemann-2-2048x1973.jpg 2048w, http:\/\/gruene-lk-ks.de\/schauenburg\/files\/2026\/02\/Ulrike-Heinemann-2-150x144.jpg 150w\" sizes=\"(max-width: 117px) 100vw, 117px\" \/><\/a><\/figure>\n\n\n\n<p>Heinz Sch\u00e4ffer<\/p>\n\n\n\n<figure class=\"wp-block-image size-large is-resized\"><a class=\"fancybox\" rel=\"gallery109\" href=\"http:\/\/gruene-lk-ks.de\/schauenburg\/files\/2025\/03\/Heinz-Schaeffer.jpg\"><img loading=\"lazy\" src=\"http:\/\/gruene-lk-ks.de\/schauenburg\/files\/2025\/03\/Heinz-Schaeffer.jpg\" alt=\"\" class=\"wp-image-843\" width=\"111\" height=\"113\" srcset=\"http:\/\/gruene-lk-ks.de\/schauenburg\/files\/2025\/03\/Heinz-Schaeffer.jpg 357w, http:\/\/gruene-lk-ks.de\/schauenburg\/files\/2025\/03\/Heinz-Schaeffer-148x150.jpg 148w\" sizes=\"(max-width: 111px) 100vw, 111px\" \/><\/a><\/figure>\n\n\n\n<p>Hans-J\u00fcrgen Gruneberg<\/p>\n\n\n\n<figure class=\"wp-block-image size-large is-resized\"><a class=\"fancybox\" rel=\"gallery109\" href=\"http:\/\/gruene-lk-ks.de\/schauenburg\/files\/2026\/02\/Hans-Juergen-Gruneberg.jpg\"><img loading=\"lazy\" src=\"http:\/\/gruene-lk-ks.de\/schauenburg\/files\/2026\/02\/Hans-Juergen-Gruneberg-800x764.jpg\" alt=\"\" class=\"wp-image-1020\" width=\"110\" height=\"104\" srcset=\"http:\/\/gruene-lk-ks.de\/schauenburg\/files\/2026\/02\/Hans-Juergen-Gruneberg-800x764.jpg 800w, http:\/\/gruene-lk-ks.de\/schauenburg\/files\/2026\/02\/Hans-Juergen-Gruneberg-400x382.jpg 400w, http:\/\/gruene-lk-ks.de\/schauenburg\/files\/2026\/02\/Hans-Juergen-Gruneberg-768x733.jpg 768w, http:\/\/gruene-lk-ks.de\/schauenburg\/files\/2026\/02\/Hans-Juergen-Gruneberg-1536x1467.jpg 1536w, http:\/\/gruene-lk-ks.de\/schauenburg\/files\/2026\/02\/Hans-Juergen-Gruneberg-2048x1956.jpg 2048w, http:\/\/gruene-lk-ks.de\/schauenburg\/files\/2026\/02\/Hans-Juergen-Gruneberg-150x143.jpg 150w\" sizes=\"(max-width: 110px) 100vw, 110px\" \/><\/a><\/figure>\n\n\n\n<p><strong>Mitglied  Haupt u. Finanzausschuss<\/strong><\/p>\n\n\n\n<p>Hans-J\u00fcrgen Heinemann<\/p>\n\n\n\n<p><strong>Orstbeiratsmitglied Elgershausen<\/strong><\/p>\n\n\n\n<p>Hans-J\u00fcrgen Gruneberg<\/p>\n\n\n\n<p><strong>Ortsbeiratsmitglied Hoof<\/strong><\/p>\n\n\n\n<p>Monika Anselm<\/p>\n\n\n\n<p><strong>Kindergartenausschuss<\/strong><\/p>\n\n\n\n<p>Ulrike Heinemann<\/p>\n\n\n\n<p><strong>\u00c4ltestenrat<\/strong><\/p>\n\n\n\n<p>Hans-J\u00fcrgen Heinemann  <\/p>\n\n\n\n<p><strong>Moderator  Sitzung  &#8220;<\/strong><span class=\"has-inline-color has-vivid-green-cyan-color\">Gr\u00fcner Tisch<\/span>&#8220;<\/p>\n\n\n\n<p>Reinhard von Dalwig<\/p>\n\n\n\n<p><strong>Kassenwart<\/strong><\/p>\n\n\n\n<p>Reinhard von Dalwig<\/p>\n\n\n\n<p><strong>Mail : info@gruene-schauenburg.de<\/strong><\/p>\n","protected":false},"excerpt":{"rendered":"<p>Gemeindevorstandsmitglied Rolf Frieling Gemeindevertretungsmitglieder Hans-J\u00fcrgen Heinemann (Fraktionsvorsitz) Monika Anselm (stellvertretende Fraktionsvorsitzende) Ulrike Heinemann Heinz Sch\u00e4ffer Hans-J\u00fcrgen Gruneberg Mitglied Haupt u. Finanzausschuss Hans-J\u00fcrgen Heinemann Orstbeiratsmitglied Elgershausen Hans-J\u00fcrgen Gruneberg Ortsbeiratsmitglied Hoof Monika&#8230; <\/p>\n","protected":false},"author":21,"featured_media":0,"parent":0,"menu_order":0,"comment_status":"closed","ping_status":"closed","template":"","meta":{"ngg_post_thumbnail":0},"_links":{"self":[{"href":"http:\/\/gruene-lk-ks.de\/schauenburg\/wp-json\/wp\/v2\/pages\/109"}],"collection":[{"href":"http:\/\/gruene-lk-ks.de\/schauenburg\/wp-json\/wp\/v2\/pages"}],"about":[{"href":"http:\/\/gruene-lk-ks.de\/schauenburg\/wp-json\/wp\/v2\/types\/page"}],"author":[{"embeddable":true,"href":"http:\/\/gruene-lk-ks.de\/schauenburg\/wp-json\/wp\/v2\/users\/21"}],"replies":[{"embeddable":true,"href":"http:\/\/gruene-lk-ks.de\/schauenburg\/wp-json\/wp\/v2\/comments?post=109"}],"version-history":[{"count":32,"href":"http:\/\/gruene-lk-ks.de\/schauenburg\/wp-json\/wp\/v2\/pages\/109\/revisions"}],"predecessor-version":[{"id":1023,"href":"http:\/\/gruene-lk-ks.de\/schauenburg\/wp-json\/wp\/v2\/pages\/109\/revisions\/1023"}],"wp:attachment":[{"href":"http:\/\/gruene-lk-ks.de\/schauenburg\/wp-json\/wp\/v2\/media?parent=109"}],"curies":[{"name":"wp","href":"https:\/\/api.w.org\/{rel}","templated":true}]}}