{"id":352,"date":"2021-01-12T14:28:52","date_gmt":"2021-01-12T12:28:52","guid":{"rendered":"http:\/\/gruene-lk-ks.de\/schauenburg\/?page_id=352"},"modified":"2026-02-04T17:27:43","modified_gmt":"2026-02-04T15:27:43","slug":"kommunalwahl-2021","status":"publish","type":"page","link":"http:\/\/gruene-lk-ks.de\/schauenburg\/kommunalwahl-2021\/","title":{"rendered":"Programm zur Kommunalwahl 2026"},"content":{"rendered":"\n<figure class=\"wp-block-image size-large\"><a class=\"fancybox\" rel=\"gallery352\" href=\"http:\/\/gruene-lk-ks.de\/schauenburg\/files\/2026\/02\/Logo.png\"><img loading=\"lazy\" width=\"460\" height=\"298\" src=\"http:\/\/gruene-lk-ks.de\/schauenburg\/files\/2026\/02\/Logo.png\" alt=\"\" class=\"wp-image-959\" srcset=\"http:\/\/gruene-lk-ks.de\/schauenburg\/files\/2026\/02\/Logo.png 460w, http:\/\/gruene-lk-ks.de\/schauenburg\/files\/2026\/02\/Logo-400x259.png 400w, http:\/\/gruene-lk-ks.de\/schauenburg\/files\/2026\/02\/Logo-150x97.png 150w\" sizes=\"(max-width: 460px) 100vw, 460px\" \/><\/a><\/figure>\n\n\n\n<h3>setzen sich ein f\u00fcr &#8230;.<\/h3>\n\n\n\n<p class=\"has-medium-font-size\">&#8230; <strong>eine \u00f6kologische und klimaneutrale<\/strong> <strong>Dorfentwicklung<\/strong><\/p>\n\n\n\n<div class=\"wp-block-image\"><figure class=\"alignright size-large is-resized\"><a class=\"fancybox\" rel=\"gallery352\" href=\"http:\/\/gruene-lk-ks.de\/schauenburg\/files\/2026\/02\/grafik-2.png\"><img loading=\"lazy\" src=\"http:\/\/gruene-lk-ks.de\/schauenburg\/files\/2026\/02\/grafik-2.png\" alt=\"\" class=\"wp-image-960\" width=\"208\" height=\"171\" srcset=\"http:\/\/gruene-lk-ks.de\/schauenburg\/files\/2026\/02\/grafik-2.png 277w, http:\/\/gruene-lk-ks.de\/schauenburg\/files\/2026\/02\/grafik-2-150x123.png 150w\" sizes=\"(max-width: 208px) 100vw, 208px\" \/><\/a><\/figure><\/div>\n\n\n\n<p>Der Erhalt der nat\u00fcrlichen Lebensgrundlagen f\u00fcr unsere B\u00fcrgerinnen und B\u00fcrger und die nachfolgenden Generationen durch umweltfreundliches Handeln, Natur- und Landschaftsschutz sowie Klimaschutz ist eine unserer vordringlichen Aufgaben<\/p>\n\n\n\n<p>Wir machen uns stark daf\u00fcr, dass<\/p>\n\n\n\n<ul><li>keine Schotterg\u00e4rten gr\u00f6\u00dfer als 2 qm in genehmigt werden und auf die Einhaltung diesbez\u00fcglicher Vorschriften geachtet wird,<\/li><li>in neuen Bebauungspl\u00e4nen der Einbau von PV- Anlagen mit Speicher gefordert wird,<\/li><li>kostenfreie Park &amp; Ride \u2013 Parkpl\u00e4tze geschaffen werden,<\/li><li>alle \u00f6ffentlichen Geb\u00e4ude mit Photovoltaik und Solaranlagen ausger\u00fcstet und genutzt werden.<\/li><\/ul>\n\n\n\n<div style=\"height:46px\" aria-hidden=\"true\" class=\"wp-block-spacer\"><\/div>\n\n\n\n<p class=\"has-medium-font-size\"><strong>&#8230; F\u00f6rderung der regionalen Grundversorgung<\/strong><\/p>\n\n\n\n<ul><li>Versorgung mit gesunden Lebensmitteln vorrangig auch aus regionalem Anbau zu fairen Preisen,<\/li><li>M\u00f6glichkeit zur Deckung des Grundbedarfs durch \u00f6rtlichen Handel unter Einbeziehung der ortsans\u00e4ssigen Landwirte,<\/li><li>Erhalt &nbsp;von nachhaltiger, gesunder Landwirtschaft in unserer Gemeinde.<\/li><\/ul>\n\n\n\n<div style=\"height:46px\" aria-hidden=\"true\" class=\"wp-block-spacer\"><\/div>\n\n\n\n<p class=\"has-medium-font-size\">&#8230; <strong>Schaffung von Wohnraum <\/strong><\/p>\n\n\n\n<p>vorrangig durch Nutzung von Geb\u00e4udebestand und vorhandener Fl\u00e4chen sowie nachhaltige Planung von Baugebieten<\/p>\n\n\n\n<div style=\"height:46px\" aria-hidden=\"true\" class=\"wp-block-spacer\"><\/div>\n\n\n\n<p class=\"has-medium-font-size\">&#8230; <strong>Klimaschutz und Klimaanpassung<\/strong><\/p>\n\n\n\n<ul><li>Umsetzung der kommunalen W\u00e4rmeplanung,<\/li><li>F\u00f6rderung der Akzeptanz f\u00fcr Klimaschutz bei B\u00fcrgerinnen und B\u00fcrgern,<\/li><li>Klimaanpassung durch weitere Vorkehrungen zum Schutz vor Hitze und Starkregen.<\/li><\/ul>\n\n\n\n<div style=\"height:46px\" aria-hidden=\"true\" class=\"wp-block-spacer\"><\/div>\n\n\n\n<p class=\"has-medium-font-size\">&#8230; <strong>Ausbau des \u00f6ffentlichen Nahverkehrs und des B\u00fcrgerbusverkehrs \u2013 \u00f6kologische Mobilit\u00e4t f\u00fcr alle<\/strong><\/p>\n\n\n\n<div class=\"wp-block-image\"><figure class=\"alignright size-large is-resized\"><a class=\"fancybox\" rel=\"gallery352\" href=\"http:\/\/gruene-lk-ks.de\/schauenburg\/files\/2026\/02\/grafik-3.png\"><img loading=\"lazy\" src=\"http:\/\/gruene-lk-ks.de\/schauenburg\/files\/2026\/02\/grafik-3.png\" alt=\"\" class=\"wp-image-961\" width=\"209\" height=\"168\" srcset=\"http:\/\/gruene-lk-ks.de\/schauenburg\/files\/2026\/02\/grafik-3.png 277w, http:\/\/gruene-lk-ks.de\/schauenburg\/files\/2026\/02\/grafik-3-150x120.png 150w\" sizes=\"(max-width: 209px) 100vw, 209px\" \/><\/a><\/figure><\/div>\n\n\n\n<p>Wir m\u00f6chten, dass<\/p>\n\n\n\n<ul><li>Busse und Schulbusse verl\u00e4sslich fahren,<\/li><li>die Busverbindung nach Baunatal verbessert wird,<\/li><li>darauf hingewirkt wird, dass neu anzuschaffende Busse im \u00f6ffentlichen Nahverkehr mit klimafreundlichen Antrieben, wie z.B. Wasserstoff, Brennstoffzellen oder Batterien, ausgestattet sind,<\/li><li>die Gemeinde bis Breitenbach langfristig an das Stra\u00dfenbahnnetz Kassel angebunden wird,<\/li><li>der B\u00fcrgerbusverkehr nach M\u00f6glichkeit ausgeweitet wird.<\/li><\/ul>\n\n\n\n<div style=\"height:46px\" aria-hidden=\"true\" class=\"wp-block-spacer\"><\/div>\n\n\n\n<p class=\"has-medium-font-size\">&#8230; <strong>Errichtung von Schnellladestationen und weiteren Ladestationen<\/strong><\/p>\n\n\n\n<p>Schauenburg f\u00f6rdert die E- Mobilit\u00e4t.<\/p>\n\n\n\n<div style=\"height:46px\" aria-hidden=\"true\" class=\"wp-block-spacer\"><\/div>\n\n\n\n<p class=\"has-medium-font-size\">&#8230; <strong>Instandhaltung und Verbesserung des Zustands der Gemeindestra\u00dfen<\/strong><\/p>\n\n\n\n<p>Wir m\u00f6chten erreichen,<\/p>\n\n\n\n<ul><li>dass die Gemeindestra\u00dfen kontinuierlich instandgehalten werden, um gr\u00f6\u00dfere Sch\u00e4den und hohe Kosten durch Erneuerungsma\u00dfnahmen zu vermeiden,<\/li><li>dass der Zustand der Gemeindestra\u00dfen verbessert wird, um eine gefahrlose Nutzung durch alle Verkehrsteilnehmer \u2013 insbesondere aber Fu\u00dfg\u00e4nger und Radfahrer zu gew\u00e4hrleisten.<\/li><\/ul>\n\n\n\n<div style=\"height:46px\" aria-hidden=\"true\" class=\"wp-block-spacer\"><\/div>\n\n\n\n<p class=\"has-medium-font-size\"><strong>&#8230; F\u00f6rderung des Radverkehrs und Ausbau des Radwegenetzes <\/strong><\/p>\n\n\n\n<div class=\"wp-block-image\"><figure class=\"alignright size-large is-resized\"><a class=\"fancybox\" rel=\"gallery352\" href=\"http:\/\/gruene-lk-ks.de\/schauenburg\/files\/2026\/02\/grafik-4.png\"><img loading=\"lazy\" src=\"http:\/\/gruene-lk-ks.de\/schauenburg\/files\/2026\/02\/grafik-4.png\" alt=\"\" class=\"wp-image-962\" width=\"209\" height=\"166\" srcset=\"http:\/\/gruene-lk-ks.de\/schauenburg\/files\/2026\/02\/grafik-4.png 281w, http:\/\/gruene-lk-ks.de\/schauenburg\/files\/2026\/02\/grafik-4-150x119.png 150w\" sizes=\"(max-width: 209px) 100vw, 209px\" \/><\/a><\/figure><\/div>\n\n\n\n<p>Wir m\u00f6chten erreichen, dass<\/p>\n\n\n\n<ul><li>Abstellpl\u00e4tze mit sicheren M\u00f6glichkeiten zum Anschlie\u00dfen des Rades errichtet werden,<\/li><li>an Fernradwegen Ladestationen errichtet werden,<\/li><li>das innergemeindliche Radwegenetz ausgebaut wird und sichere Radwegverbindungen zu den Nachbargemeinen (z.B. Gro\u00dfenritte und Ehlen) geschaffen werden,<\/li><li>Radwegquerungen auf Hauptstra\u00dfen durch Fahrradzeichen und\/oder farbliche Markierung auf dem Asphalt f\u00fcr Autofahrer besser kenntlich gemacht werden.<\/li><\/ul>\n\n\n\n<div style=\"height:46px\" aria-hidden=\"true\" class=\"wp-block-spacer\"><\/div>\n\n\n\n<p class=\"has-medium-font-size\"><strong>&#8230; Umwelt- und Naturschutz, Landschaftsschutz und Erhalt der Biodiversit\u00e4t<\/strong><\/p>\n\n\n\n<div class=\"wp-block-image\"><figure class=\"alignright size-large is-resized\"><a class=\"fancybox\" rel=\"gallery352\" href=\"http:\/\/gruene-lk-ks.de\/schauenburg\/files\/2026\/02\/grafik-5.png\"><img loading=\"lazy\" src=\"http:\/\/gruene-lk-ks.de\/schauenburg\/files\/2026\/02\/grafik-5.png\" alt=\"\" class=\"wp-image-963\" width=\"209\" height=\"169\" srcset=\"http:\/\/gruene-lk-ks.de\/schauenburg\/files\/2026\/02\/grafik-5.png 284w, http:\/\/gruene-lk-ks.de\/schauenburg\/files\/2026\/02\/grafik-5-150x121.png 150w\" sizes=\"(max-width: 209px) 100vw, 209px\" \/><\/a><\/figure><\/div>\n\n\n\n<p>Wir m\u00f6chten erreichen, dass<\/p>\n\n\n\n<ul><li>Fl\u00e4chenverluste m\u00f6glichst vermieden werden,<\/li><li>der Baumbestand gesch\u00fctzt und erweitert wird,<\/li><li>Fl\u00e4chen begr\u00fcnt und Bl\u00fchfl\u00e4chen angelegt werden,<\/li><li>die B\u00fcrgerinnen und B\u00fcrger zu Verkleinerung oder R\u00fcckbau vorhandener Schotterg\u00e4rten motiviert werden.<\/li><\/ul>\n\n\n\n<div style=\"height:46px\" aria-hidden=\"true\" class=\"wp-block-spacer\"><\/div>\n\n\n\n<p class=\"has-medium-font-size\"><strong>&#8230;nachhaltigen Umgang mit der Ressource Wasser<\/strong><\/p>\n\n\n\n<div class=\"wp-block-image\"><figure class=\"alignright size-large is-resized\"><a class=\"fancybox\" rel=\"gallery352\" href=\"http:\/\/gruene-lk-ks.de\/schauenburg\/files\/2026\/02\/sharepic34.jpg\"><img loading=\"lazy\" src=\"http:\/\/gruene-lk-ks.de\/schauenburg\/files\/2026\/02\/sharepic34.jpg\" alt=\"\" class=\"wp-image-983\" width=\"207\" height=\"144\" srcset=\"http:\/\/gruene-lk-ks.de\/schauenburg\/files\/2026\/02\/sharepic34.jpg 291w, http:\/\/gruene-lk-ks.de\/schauenburg\/files\/2026\/02\/sharepic34-150x104.jpg 150w\" sizes=\"(max-width: 207px) 100vw, 207px\" \/><\/a><\/figure><\/div>\n\n\n\n<p>Wir m\u00f6chten erreichen,<\/p>\n\n\n\n<ul><li>dass Bodenversiegelung m\u00f6glichst gering gehalten oder sogar reduziert wird,<\/li><li>dass der Verbrauch von Trinkwasser durch eine intensivere Regenwassernutzung gesenkt wird,<\/li><li>dass der Einbau von Regenwasserzisternen bei Neubauvorhaben oder grundlegenden Umbauvorhaben gefordert und gef\u00f6rdert wird.<\/li><\/ul>\n\n\n\n<p>Wir fordern,<\/p>\n\n\n\n<ul><li>dass der Bau von Zisternen zur Bew\u00e4sserung der Sportanlagen beschleunigt wird.<\/li><\/ul>\n\n\n\n<div style=\"height:46px\" aria-hidden=\"true\" class=\"wp-block-spacer\"><\/div>\n\n\n\n<p class=\"has-medium-font-size\">&#8230; <strong>eine \u00f6konomisch sinnvolle, \u00f6kologisch tragf\u00e4hige und sozial gerechte Haushaltspolitik<\/strong>        <\/p>\n\n\n\n<div style=\"height:46px\" aria-hidden=\"true\" class=\"wp-block-spacer\"><\/div>\n\n\n\n<p class=\"has-medium-font-size\"><strong>&#8230; L\u00e4rmschutz f\u00fcr alle<\/strong><\/p>\n\n\n\n<div class=\"wp-block-image\"><figure class=\"alignright size-large is-resized\"><a class=\"fancybox\" rel=\"gallery352\" href=\"http:\/\/gruene-lk-ks.de\/schauenburg\/files\/2026\/02\/grafik-6.png\"><img loading=\"lazy\" src=\"http:\/\/gruene-lk-ks.de\/schauenburg\/files\/2026\/02\/grafik-6.png\" alt=\"\" class=\"wp-image-964\" width=\"210\" height=\"167\" srcset=\"http:\/\/gruene-lk-ks.de\/schauenburg\/files\/2026\/02\/grafik-6.png 281w, http:\/\/gruene-lk-ks.de\/schauenburg\/files\/2026\/02\/grafik-6-150x120.png 150w\" sizes=\"(max-width: 210px) 100vw, 210px\" \/><\/a><\/figure><\/div>\n\n\n\n<p>Wir machen uns stark f\u00fcr<\/p>\n\n\n\n<ul><li>Beschleunigung der L\u00e4rmschutzma\u00dfnahmen entlang der A44 f\u00fcr die Ortsteile Hoof, Firnsbachtal und Elgershausen,<\/li><li>Tempo 30 auf Durchgangsstra\u00dfen soweit m\u00f6glich.<\/li><\/ul>\n\n\n\n<div style=\"height:46px\" aria-hidden=\"true\" class=\"wp-block-spacer\"><\/div>\n\n\n\n<p class=\"has-medium-font-size\"><strong>&#8230; Jugendarbeit, Kultur, Sport<\/strong><\/p>\n\n\n\n<div class=\"wp-block-image\"><figure class=\"alignright size-large is-resized\"><a class=\"fancybox\" rel=\"gallery352\" href=\"http:\/\/gruene-lk-ks.de\/schauenburg\/files\/2026\/02\/grafik-7.png\"><img loading=\"lazy\" src=\"http:\/\/gruene-lk-ks.de\/schauenburg\/files\/2026\/02\/grafik-7.png\" alt=\"\" class=\"wp-image-965\" width=\"209\" height=\"164\" srcset=\"http:\/\/gruene-lk-ks.de\/schauenburg\/files\/2026\/02\/grafik-7.png 286w, http:\/\/gruene-lk-ks.de\/schauenburg\/files\/2026\/02\/grafik-7-150x117.png 150w\" sizes=\"(max-width: 209px) 100vw, 209px\" \/><\/a><\/figure><\/div>\n\n\n\n<p>Jugendarbeit, Kultur und Sport sind tragende S\u00e4ulen f\u00fcr ein gutes gesellschaftliches Miteinander und \u201eMehr Leben vor Ort\u201c.<\/p>\n\n\n\n<p>Wir setzen uns ein f\u00fcr<\/p>\n\n\n\n<ul><li>mehr Anerkennung aller Ehrenamtlichen in Vereinen, Verb\u00e4nden und sozialen Organisationen,<\/li><li>die kostenfreie Nutzung von gemeindeeigenen Geb\u00e4uden,<\/li><li>kostenfreie Nutzung des \u00f6ffentlichen Personennahverkehrs Kassel plus f\u00fcr Ehrenamtliche.<\/li><\/ul>\n\n\n\n<div style=\"height:46px\" aria-hidden=\"true\" class=\"wp-block-spacer\"><\/div>\n\n\n\n<p class=\"has-medium-font-size\"><strong>&#8230; Katastrophenschutz bei Stromausfall (mehr als 3 Tage keine Heizung, keine Gefriertruhe, kein Herd &#8230;)<\/strong><\/p>\n\n\n\n<p>Wir fordern<\/p>\n\n\n\n<p>die Aufstellung eines Notfallplans f\u00fcr alle Ortsteile: Wo und wie k\u00f6nnen sich die B\u00fcrgerinnen und B\u00fcrger mit Grundnahrungsmitteln versorgen? Wo k\u00f6nnen sich die B\u00fcrgerinnen und B\u00fcrger in geheizten R\u00e4umen aufhalten? Wo k\u00f6nnen sie Strom f\u00fcr medizinische Ger\u00e4te oder Laden des Handys beziehen? <\/p>\n\n\n\n<div style=\"height:46px\" aria-hidden=\"true\" class=\"wp-block-spacer\"><\/div>\n\n\n\n<p class=\"has-medium-font-size\"><strong>&#8230; Transparenz und Offenheit<\/strong><\/p>\n\n\n\n<ul><li>&nbsp;fordern und f\u00f6rdern wir.<\/li><\/ul>\n\n\n\n<figure class=\"wp-block-image\"><img src=\"http:\/\/gruene-lk-ks.de\/schauenburg\/files\/2026\/02\/Logo.png\" alt=\"Dieses Bild hat ein leeres Alt-Attribut. Der Dateiname ist Logo.png\" \/><\/figure>\n\n\n\n<p class=\"has-medium-font-size\"><strong>Wir stehen f\u00fcr ein buntes, vielf\u00e4ltiges und offenes Schauenburg, f\u00fcr den Erhalt unserer Lebensgrundlagen, soziale Gerechtigkeit und Demokratie.<\/strong><\/p>\n","protected":false},"excerpt":{"rendered":"<p>setzen sich ein f\u00fcr &#8230;. &#8230; eine \u00f6kologische und klimaneutrale Dorfentwicklung Der Erhalt der nat\u00fcrlichen Lebensgrundlagen f\u00fcr unsere B\u00fcrgerinnen und B\u00fcrger und die nachfolgenden Generationen durch umweltfreundliches Handeln, Natur- und&#8230; <\/p>\n","protected":false},"author":21,"featured_media":0,"parent":0,"menu_order":0,"comment_status":"closed","ping_status":"closed","template":"","meta":{"ngg_post_thumbnail":0},"_links":{"self":[{"href":"http:\/\/gruene-lk-ks.de\/schauenburg\/wp-json\/wp\/v2\/pages\/352"}],"collection":[{"href":"http:\/\/gruene-lk-ks.de\/schauenburg\/wp-json\/wp\/v2\/pages"}],"about":[{"href":"http:\/\/gruene-lk-ks.de\/schauenburg\/wp-json\/wp\/v2\/types\/page"}],"author":[{"embeddable":true,"href":"http:\/\/gruene-lk-ks.de\/schauenburg\/wp-json\/wp\/v2\/users\/21"}],"replies":[{"embeddable":true,"href":"http:\/\/gruene-lk-ks.de\/schauenburg\/wp-json\/wp\/v2\/comments?post=352"}],"version-history":[{"count":59,"href":"http:\/\/gruene-lk-ks.de\/schauenburg\/wp-json\/wp\/v2\/pages\/352\/revisions"}],"predecessor-version":[{"id":990,"href":"http:\/\/gruene-lk-ks.de\/schauenburg\/wp-json\/wp\/v2\/pages\/352\/revisions\/990"}],"wp:attachment":[{"href":"http:\/\/gruene-lk-ks.de\/schauenburg\/wp-json\/wp\/v2\/media?parent=352"}],"curies":[{"name":"wp","href":"https:\/\/api.w.org\/{rel}","templated":true}]}}