{"id":22,"date":"2014-04-28T22:16:10","date_gmt":"2014-04-28T20:16:10","guid":{"rendered":"http:\/\/gruene-lk-ks.de\/vellmar\/?page_id=22"},"modified":"2021-04-29T21:07:27","modified_gmt":"2021-04-29T19:07:27","slug":"kontakt","status":"publish","type":"page","link":"http:\/\/gruene-lk-ks.de\/vellmar\/kontakt\/","title":{"rendered":"Kontakt + Impressum"},"content":{"rendered":"<img loading=\"lazy\" class=\"  wp-image-229 alignright\" src=\"http:\/\/gruene-lk-ks.de\/vellmar\/files\/2015\/03\/Sigi.jpg\" alt=\"Sigi\" width=\"177\" height=\"206\" srcset=\"http:\/\/gruene-lk-ks.de\/vellmar\/files\/2015\/03\/Sigi.jpg 222w, http:\/\/gruene-lk-ks.de\/vellmar\/files\/2015\/03\/Sigi-129x150.jpg 129w\" sizes=\"(max-width: 177px) 100vw, 177px\" \/>\n<p style=\"text-align: left\">Sie haben Fragen zu unserem Ortsverband und unserer Politik f\u00fcr Vellmar?<\/p>\n<p>Sprechen Sie mich an:<\/p>\n<p>Siegfried Kopperschmidt (Sprecher des Ortsverbands)<br \/>\nEulerstra\u00dfe 18<br \/>\n34246 Vellmar<br \/>\nTel.: o561 824952<br \/>\nE-Mail: siegfried[at]die-kopperschmidts.de<\/p>\n<h2>IMPRESSUM<\/h2>\n<p><b>B\u00dcNDNIS 90\/DIE GR\u00dcNEN Kreisverband Kassel-Land<br \/>\n<\/b> Vertretungsberechtigte\/r:<\/p>\n<p>Susanne Regier (V.i.S.d.P)<br \/>\nM\u00f6nchehofer Str. 10<br \/>\n34246 Vellmar<\/p>\n<p>Telefon +49 561 18822<br \/>\nFax +49 561 7391336<\/p>\n<p>Reinhold Orth (V.i.S.d.P)<br \/>\nNeuer Weg 14<br \/>\n34260 Kaufungen<\/p>\n<h4>Stand: 15.06. 2015<\/h4>\n<p><strong>Datenschutzerkl\u00e4rung<\/strong><\/p>\n<p>Wir wissen, dass Sie dem Thema Datenschutz gro\u00dfe Bedeutung beimessen. Deshalb ist uns der Schutz Ihrer pers\u00f6nlichen Daten ein wichtiges Anliegen..<\/p>\n<p><strong>Pers\u00f6nliche Daten<br \/>\n<\/strong>Pers\u00f6nliche Daten, die Sie uns elektronisch \u00fcbermitteln, z.B. Ihren Namen, Postanschrift, E-Mail-Adresse oder andere pers\u00f6nlichen Angaben, werden von uns nur zum jeweils angegebenen Zweck verwendet, sicher verwahrt und nicht an Dritte weitergegeben. Wir werden Ihnen nur Informationen zuschicken, sofern Sie sich f\u00fcr entsprechende Dienste angemeldet haben.<\/p>\n<p><strong>Recht auf Widerruf<br \/>\n<\/strong>Sie haben jederzeit das Recht auf Widerruf; schicken Sie bitte eine Mail an uns. Ich werde Ihre Daten dann umgehend l\u00f6schen.<\/p>\n<p><strong>Links zu anderen Websites<br \/>\n<\/strong>Sie finden auf unseren Seiten Links zu anderen Seiten im Internet. F\u00fcr alle diese Links und Banner gilt, dass ich keinerlei Einfluss auf die Gestaltung und die Inhalte der gelinkten Seiten haben. Deswegen \u00fcbernehmen wir auch keinerlei Verantwortung f\u00fcr Inhalt, Gestaltung und die Datenschutzbestimmungen dieser Seiten.<\/p>\n<p><strong>Verwendung von Cookies<br \/>\n<\/strong>Es gibt eine Technik, genannt \u201eCookies\u201c, mit deren Hilfe Informationen aus einer Website an Ihre Bed\u00fcrfnisse angepasst werden k\u00f6nnen. Ein Cookie ist ein Datenelement, das eine Website an Ihren Browser schicken kann, um es dort auf Ihrem System zu speichern.<\/p>\n<p>Gelegentlich nutzen auch wir tempor\u00e4re Cookies, damit wir Sie effektiver unterst\u00fctzen k\u00f6nnen, wenn Sie auf eine solche Website zur\u00fcckkommen. Sie haben jedoch die M\u00f6glichkeit, Ihren Browser so einzustellen, dass er Sie davon in Kenntnis setzt, wenn Sie ein Cookie erhalten. Dann k\u00f6nnen Sie selbst entscheiden, ob Sie das akzeptieren wollen oder nicht.<\/p>\n<p><em>Netscape, Mozilla, Firefox:<\/em> -&gt;Bearbeiten -&gt;Einstellungen -&gt;Erweitert\/Datenschutz -&gt;Cookies<\/p>\n<p><em>Explorer:<\/em> -&gt;Ansicht -&gt;Internetoptionen -&gt;Erweitert -&gt;Cookies<\/p>\n","protected":false},"excerpt":{"rendered":"<p>Sie haben Fragen zu unserem Ortsverband und unserer Politik f\u00fcr Vellmar? Sprechen Sie mich an: Siegfried Kopperschmidt (Sprecher des Ortsverbands) Eulerstra\u00dfe 18 34246 Vellmar Tel.: o561 824952 E-Mail: siegfried[at]die-kopperschmidts.de IMPRESSUM&#8230; <\/p>\n","protected":false},"author":2,"featured_media":0,"parent":0,"menu_order":5,"comment_status":"closed","ping_status":"closed","template":"","meta":{"ngg_post_thumbnail":0},"_links":{"self":[{"href":"http:\/\/gruene-lk-ks.de\/vellmar\/wp-json\/wp\/v2\/pages\/22"}],"collection":[{"href":"http:\/\/gruene-lk-ks.de\/vellmar\/wp-json\/wp\/v2\/pages"}],"about":[{"href":"http:\/\/gruene-lk-ks.de\/vellmar\/wp-json\/wp\/v2\/types\/page"}],"author":[{"embeddable":true,"href":"http:\/\/gruene-lk-ks.de\/vellmar\/wp-json\/wp\/v2\/users\/2"}],"replies":[{"embeddable":true,"href":"http:\/\/gruene-lk-ks.de\/vellmar\/wp-json\/wp\/v2\/comments?post=22"}],"version-history":[{"count":9,"href":"http:\/\/gruene-lk-ks.de\/vellmar\/wp-json\/wp\/v2\/pages\/22\/revisions"}],"predecessor-version":[{"id":1463,"href":"http:\/\/gruene-lk-ks.de\/vellmar\/wp-json\/wp\/v2\/pages\/22\/revisions\/1463"}],"wp:attachment":[{"href":"http:\/\/gruene-lk-ks.de\/vellmar\/wp-json\/wp\/v2\/media?parent=22"}],"curies":[{"name":"wp","href":"https:\/\/api.w.org\/{rel}","templated":true}]}}