{"id":321,"date":"2015-09-18T21:23:30","date_gmt":"2015-09-18T19:23:30","guid":{"rendered":"http:\/\/gruene-lk-ks.de\/vellmar\/?page_id=321"},"modified":"2022-10-16T12:32:18","modified_gmt":"2022-10-16T10:32:18","slug":"themen-2015","status":"publish","type":"page","link":"http:\/\/gruene-lk-ks.de\/vellmar\/unsere-themen\/themen-2015\/","title":{"rendered":"Kommunalwahl 2021"},"content":{"rendered":"<h4>Liebe W\u00e4hlerinnen und W\u00e4hler,<a class=\"fancybox\" rel=\"gallery321\" href=\"http:\/\/gruene-lk-ks.de\/vellmar\/files\/2015\/03\/Wahl.jpg\"><img loading=\"lazy\" class=\"alignright wp-image-419\" src=\"http:\/\/gruene-lk-ks.de\/vellmar\/files\/2015\/03\/Wahl.jpg\" alt=\"W\u00e4hl uns!\" width=\"163\" height=\"162\" srcset=\"http:\/\/gruene-lk-ks.de\/vellmar\/files\/2015\/03\/Wahl.jpg 231w, http:\/\/gruene-lk-ks.de\/vellmar\/files\/2015\/03\/Wahl-150x150.jpg 150w\" sizes=\"(max-width: 163px) 100vw, 163px\" \/><\/a><\/h4>\n<p>Vellmar hat gew\u00e4hlt. B\u00fcndnis90\/GR\u00dcNE kandidierten mit einem starken Team zur Kommunalwahl am 14.03.2021 und setzen sich nun mit ihrer neuen siebenk\u00f6pfigen Fraktion ein f\u00fcr<\/p>\n<ul>\n<li>mehr \u00d6kologie in der Stadt,<\/li>\n<li>mehr Demokratie,<\/li>\n<li>mehr Transparenz.<\/li>\n<\/ul>\n<p>GR\u00dcN bleibt gut f\u00fcr VELLMAR!<\/p>\n<p>\u00a0<\/p>\n<h5>Ich m\u00f6chte etwas erfahren zu:<a class=\"fancybox\" rel=\"gallery321\" href=\"http:\/\/gruene-lk-ks.de\/vellmar\/files\/2020\/12\/GRUeN-BLEIBT-GUT.jpg\"><img loading=\"lazy\" class=\" wp-image-1361 alignright\" src=\"http:\/\/gruene-lk-ks.de\/vellmar\/files\/2020\/12\/GRUeN-BLEIBT-GUT-400x572.jpg\" alt=\"\" width=\"230\" height=\"329\" srcset=\"http:\/\/gruene-lk-ks.de\/vellmar\/files\/2020\/12\/GRUeN-BLEIBT-GUT-400x572.jpg 400w, http:\/\/gruene-lk-ks.de\/vellmar\/files\/2020\/12\/GRUeN-BLEIBT-GUT-105x150.jpg 105w, http:\/\/gruene-lk-ks.de\/vellmar\/files\/2020\/12\/GRUeN-BLEIBT-GUT.jpg 551w\" sizes=\"(max-width: 230px) 100vw, 230px\" \/><\/a><\/h5>\n<p><a href=\"http:\/\/gruene-lk-ks.de\/vellmar\/unsere-themen\/\">Aktuellen Themen<\/a><\/p>\n<p><a href=\"http:\/\/gruene-lk-ks.de\/vellmar\/kommunalwahl-2021-im-blick\/\" target=\"_blank\" rel=\"noopener noreferrer\">KandidatInnen<\/a><\/p>\n<p><a href=\"http:\/\/gruene-lk-ks.de\/vellmar\/unsere-themen\/gruene-positionen\/\">Wahlprogramm<\/a><\/p>\n<p>Das letzte <a href=\"https:\/\/www.vellmar.de\/city_info\/webaccessibility\/index.cfm?item_id=864696&amp;waid=419\" target=\"_blank\" rel=\"noopener noreferrer\">Wahlergebnis<\/a><\/p>\n<p>\u00a0<\/p>\n<h5>Was steht in Eurem Wahlprogramm?<\/h5>\n\n\n<div class=\"wp-block-file alignleft\"><a href=\"http:\/\/gruene-lk-ks.de\/vellmar\/files\/2021\/04\/2020-12-17-Wahlprogramm-GRUeNE-2021-1.pdf\">2020-12-17-Wahlprogramm-GRUeNE-2021-1<\/a><a href=\"http:\/\/gruene-lk-ks.de\/vellmar\/files\/2021\/04\/2020-12-17-Wahlprogramm-GRUeNE-2021-1.pdf\" class=\"wp-block-file__button\" download>Herunterladen<\/a><\/div>\n\n\n\n<p><\/p>\n\n\n\n<p><\/p>\n\n\n\n<p>______________________________________________________________________<\/p>\n\n\n\n<p class=\"has-medium-font-size\"><\/p>\n\n\n\n<p class=\"has-medium-font-size\"><strong>Vor uns liegt \u00dcberzeugungsarbeit<\/strong><\/p>\n\n\n\n<p>Das\u00a0<a rel=\"noreferrer noopener\" href=\"https:\/\/votemanager-ks.ekom21cdn.de\/2021-03-14\/06633026\/html5\/Gemeindewahl_Hessen_363_Gemeinde_Stadt_Vellmar.html\" target=\"_blank\">Ergebnis<\/a>\u00a0der Kommunalwahl vom 14.03.2021 war eine kleine Sensation. Die SPD verliert ihre langgehegte absolute Mehrheit und erreichte 18 von 37 Mandaten. Die CDU kann 11 Stadtverordnete und wir GR\u00dcNEN 7 ins Rennen schicken. Die AfD erreicht 1 Sitz. Keine leichte Aufgabe, k\u00fcnftig Mehrheiten zu organisieren.<\/p>\n\n\n\n<div class=\"wp-block-image\"><figure class=\"alignright is-resized\"><img loading=\"lazy\" src=\"http:\/\/gruene-lk-ks.de\/vellmar\/files\/2021\/05\/S.Kopperschmidt-scaled.jpg\" alt=\"\" class=\"wp-image-1513\" width=\"183\" height=\"248\" srcset=\"http:\/\/gruene-lk-ks.de\/vellmar\/files\/2021\/05\/S.Kopperschmidt-scaled.jpg 1886w, http:\/\/gruene-lk-ks.de\/vellmar\/files\/2021\/05\/S.Kopperschmidt-400x543.jpg 400w, http:\/\/gruene-lk-ks.de\/vellmar\/files\/2021\/05\/S.Kopperschmidt-800x1086.jpg 800w, http:\/\/gruene-lk-ks.de\/vellmar\/files\/2021\/05\/S.Kopperschmidt-768x1042.jpg 768w, http:\/\/gruene-lk-ks.de\/vellmar\/files\/2021\/05\/S.Kopperschmidt-1132x1536.jpg 1132w, http:\/\/gruene-lk-ks.de\/vellmar\/files\/2021\/05\/S.Kopperschmidt-1509x2048.jpg 1509w, http:\/\/gruene-lk-ks.de\/vellmar\/files\/2021\/05\/S.Kopperschmidt-111x150.jpg 111w\" sizes=\"(max-width: 183px) 100vw, 183px\" \/><figcaption>Sigi Kopperschmidt, Fraktionsvorsitzender<\/figcaption><\/figure><\/div>\n\n\n\n<p>Am vergangenen Montag, 29.03.2021, wurde die Fraktion konstituiert und einen neuer Vorstand gew\u00e4hlt. Zum neuen \u201ealten\u201c Vorsitzenden wurde Siegfried \u201eSigi\u201c Kopperschmidt gek\u00fcrt, Stellvertreter\/innen werden k\u00fcnftig Susanne Regier, Dr. Malte Siefert und Andrea Sauer sein. Gemeinsam werden sie k\u00fcnftig mit Ute Horn-Wendel, Inge Hausmann und Patrick Breyer die Fraktion von B\u00fcndnis90\/GR\u00dcNE bilden.<\/p>\n\n\n\n<p>Damit steht nun ein starkes gr\u00fcnes Team f\u00fcr Vellmar in den Startl\u00f6chern. Die Vellmarer GR\u00dcNEN freuen sich auf 5 Jahre spannende Diskussionen und hoffentlich gute Entscheidungen f\u00fcr mehr Umwelt- und Naturschutz, einen Beitrag zur Erreichung der Klimaziele und Gemeinsinn in unserer Kommune \u2013 Viel Erfolg!<\/p>\n","protected":false},"excerpt":{"rendered":"<p>Liebe W\u00e4hlerinnen und W\u00e4hler, Vellmar hat gew\u00e4hlt. B\u00fcndnis90\/GR\u00dcNE kandidierten mit einem starken Team zur Kommunalwahl am 14.03.2021 und setzen sich nun mit ihrer neuen siebenk\u00f6pfigen Fraktion ein f\u00fcr mehr \u00d6kologie&#8230; <\/p>\n","protected":false},"author":15,"featured_media":0,"parent":43,"menu_order":1,"comment_status":"open","ping_status":"open","template":"","meta":{"ngg_post_thumbnail":0},"_links":{"self":[{"href":"http:\/\/gruene-lk-ks.de\/vellmar\/wp-json\/wp\/v2\/pages\/321"}],"collection":[{"href":"http:\/\/gruene-lk-ks.de\/vellmar\/wp-json\/wp\/v2\/pages"}],"about":[{"href":"http:\/\/gruene-lk-ks.de\/vellmar\/wp-json\/wp\/v2\/types\/page"}],"author":[{"embeddable":true,"href":"http:\/\/gruene-lk-ks.de\/vellmar\/wp-json\/wp\/v2\/users\/15"}],"replies":[{"embeddable":true,"href":"http:\/\/gruene-lk-ks.de\/vellmar\/wp-json\/wp\/v2\/comments?post=321"}],"version-history":[{"count":21,"href":"http:\/\/gruene-lk-ks.de\/vellmar\/wp-json\/wp\/v2\/pages\/321\/revisions"}],"predecessor-version":[{"id":1642,"href":"http:\/\/gruene-lk-ks.de\/vellmar\/wp-json\/wp\/v2\/pages\/321\/revisions\/1642"}],"up":[{"embeddable":true,"href":"http:\/\/gruene-lk-ks.de\/vellmar\/wp-json\/wp\/v2\/pages\/43"}],"wp:attachment":[{"href":"http:\/\/gruene-lk-ks.de\/vellmar\/wp-json\/wp\/v2\/media?parent=321"}],"curies":[{"name":"wp","href":"https:\/\/api.w.org\/{rel}","templated":true}]}}