{"id":43,"date":"2015-02-03T23:22:28","date_gmt":"2015-02-03T21:22:28","guid":{"rendered":"http:\/\/gruene-lk-ks.de\/vellmar\/?page_id=43"},"modified":"2022-10-16T12:55:58","modified_gmt":"2022-10-16T10:55:58","slug":"unsere-themen","status":"publish","type":"page","link":"http:\/\/gruene-lk-ks.de\/vellmar\/unsere-themen\/","title":{"rendered":"GR\u00dcNE Themen"},"content":{"rendered":"<h4><a class=\"fancybox\" rel=\"gallery43\" href=\"http:\/\/gruene-lk-ks.de\/vellmar\/unsere-themen\/themen-2015\/\"><span style=\"color: #0066cc\">Kommunalwahl-2021<\/span><u><span style=\"color: #0066cc\"><img loading=\"lazy\" class=\"  wp-image-261 alignright\" src=\"http:\/\/gruene-lk-ks.de\/vellmar\/files\/2015\/03\/Veranstaltungen.jpg\" alt=\"Veranstaltungen\" width=\"198\" height=\"149\"><\/span><\/u><\/a><\/h4>\n<p>Unter dieser Rubrik erfahren Sie etwas \u00fcber die Ziele unseres Ortsverbandes f\u00fcr die letzte Kommunalwahl.<\/p>\n<h4><a href=\"http:\/\/gruene-lk-ks.de\/vellmar\/unsere-themen\/gruene-positionen\/\">GR\u00dcNE Positionen<\/a><\/h4>\n<p>Hier erfahren Sie, f\u00fcr&nbsp;welche politischen Inhalte die Vellmarer GR\u00dcNEN stehen<\/p>\n","protected":false},"excerpt":{"rendered":"<p>Kommunalwahl-2021 Unter dieser Rubrik erfahren Sie etwas \u00fcber die Ziele unseres Ortsverbandes f\u00fcr die letzte Kommunalwahl. GR\u00dcNE Positionen Hier erfahren Sie, f\u00fcr&nbsp;welche politischen Inhalte die Vellmarer GR\u00dcNEN stehen<\/p>\n","protected":false},"author":2,"featured_media":0,"parent":0,"menu_order":2,"comment_status":"closed","ping_status":"closed","template":"page-home-welcome.php","meta":{"ngg_post_thumbnail":0},"_links":{"self":[{"href":"http:\/\/gruene-lk-ks.de\/vellmar\/wp-json\/wp\/v2\/pages\/43"}],"collection":[{"href":"http:\/\/gruene-lk-ks.de\/vellmar\/wp-json\/wp\/v2\/pages"}],"about":[{"href":"http:\/\/gruene-lk-ks.de\/vellmar\/wp-json\/wp\/v2\/types\/page"}],"author":[{"embeddable":true,"href":"http:\/\/gruene-lk-ks.de\/vellmar\/wp-json\/wp\/v2\/users\/2"}],"replies":[{"embeddable":true,"href":"http:\/\/gruene-lk-ks.de\/vellmar\/wp-json\/wp\/v2\/comments?post=43"}],"version-history":[{"count":12,"href":"http:\/\/gruene-lk-ks.de\/vellmar\/wp-json\/wp\/v2\/pages\/43\/revisions"}],"predecessor-version":[{"id":1649,"href":"http:\/\/gruene-lk-ks.de\/vellmar\/wp-json\/wp\/v2\/pages\/43\/revisions\/1649"}],"wp:attachment":[{"href":"http:\/\/gruene-lk-ks.de\/vellmar\/wp-json\/wp\/v2\/media?parent=43"}],"curies":[{"name":"wp","href":"https:\/\/api.w.org\/{rel}","templated":true}]}}