{"id":458,"date":"2015-10-15T16:41:19","date_gmt":"2015-10-15T14:41:19","guid":{"rendered":"http:\/\/gruene-lk-ks.de\/vellmar\/?page_id=458"},"modified":"2022-10-16T13:01:08","modified_gmt":"2022-10-16T11:01:08","slug":"klima-energie-umwelt","status":"publish","type":"page","link":"http:\/\/gruene-lk-ks.de\/vellmar\/unsere-themen\/gruene-positionen\/klima-energie-umwelt\/","title":{"rendered":"\u00d6kologische Stadtentwicklung"},"content":{"rendered":"<p style=\"text-align: justify\"><strong>Klimakommune<img loading=\"lazy\" class=\"alignright wp-image-1480 size-medium\" src=\"http:\/\/gruene-lk-ks.de\/vellmar\/files\/2021\/04\/20190519_130515-400x194.jpg\" alt=\"\" width=\"400\" height=\"194\" srcset=\"http:\/\/gruene-lk-ks.de\/vellmar\/files\/2021\/04\/20190519_130515-400x194.jpg 400w, http:\/\/gruene-lk-ks.de\/vellmar\/files\/2021\/04\/20190519_130515-800x389.jpg 800w, http:\/\/gruene-lk-ks.de\/vellmar\/files\/2021\/04\/20190519_130515-768x373.jpg 768w, http:\/\/gruene-lk-ks.de\/vellmar\/files\/2021\/04\/20190519_130515-1536x747.jpg 1536w, http:\/\/gruene-lk-ks.de\/vellmar\/files\/2021\/04\/20190519_130515-2048x996.jpg 2048w, http:\/\/gruene-lk-ks.de\/vellmar\/files\/2021\/04\/20190519_130515-150x73.jpg 150w\" sizes=\"(max-width: 400px) 100vw, 400px\" \/><\/strong><\/p>\n<p>Deutschland ist auf dem Weg in das Zeitalter der regenerativen Energien. Obwohl Vellmar seit 2013 eingetragene \u201eKlimakommune\u201c ist, merkt man davon nichts.<\/p>\n<p>Wir wollen ein CO2 freies Vellmar und mit 100% \u00d6kostromversorgung und einer besseren Infrastruktur f\u00fcr E-Mobilit\u00e4t zum Gelingen der Pariser Klimaziele beitragen.<\/p>\n<p><a href=\"http:\/\/gruene-lk-ks.de\/vellmar\/goldgraeberstimmung-strom-guenstig-selber-erzeugen\/\">&#8222;Goldgr\u00e4berstimmung&#8220; &#8211; Strom g\u00fcnstig selbst erzeugen<\/a><\/p>\n<p><a href=\"http:\/\/gruene-lk-ks.de\/vellmar\/klimaschutz-fuer-vellmar-es-wird-zeit\/\">Klimaschutz f\u00fcr Vellmar &#8211; Es wird Zeit!<\/a><\/p>\n<p style=\"text-align: justify\"><a href=\"http:\/\/gruene-lk-ks.de\/vellmar\/gruene-fordern-mehr-oekologischen-landbau-in-nordhessen\/\">Informationen zur \u00d6ko-Modellregion Nordhessen und \u00f6kologischer Landwirtschaft finden Sie hier!<\/a><\/p>\n","protected":false},"excerpt":{"rendered":"<p>Klimakommune Deutschland ist auf dem Weg in das Zeitalter der regenerativen Energien. Obwohl Vellmar seit 2013 eingetragene \u201eKlimakommune\u201c ist, merkt man davon nichts. Wir wollen ein CO2 freies Vellmar und&#8230; <\/p>\n","protected":false},"author":15,"featured_media":0,"parent":69,"menu_order":1,"comment_status":"open","ping_status":"open","template":"","meta":{"ngg_post_thumbnail":0},"_links":{"self":[{"href":"http:\/\/gruene-lk-ks.de\/vellmar\/wp-json\/wp\/v2\/pages\/458"}],"collection":[{"href":"http:\/\/gruene-lk-ks.de\/vellmar\/wp-json\/wp\/v2\/pages"}],"about":[{"href":"http:\/\/gruene-lk-ks.de\/vellmar\/wp-json\/wp\/v2\/types\/page"}],"author":[{"embeddable":true,"href":"http:\/\/gruene-lk-ks.de\/vellmar\/wp-json\/wp\/v2\/users\/15"}],"replies":[{"embeddable":true,"href":"http:\/\/gruene-lk-ks.de\/vellmar\/wp-json\/wp\/v2\/comments?post=458"}],"version-history":[{"count":15,"href":"http:\/\/gruene-lk-ks.de\/vellmar\/wp-json\/wp\/v2\/pages\/458\/revisions"}],"predecessor-version":[{"id":1652,"href":"http:\/\/gruene-lk-ks.de\/vellmar\/wp-json\/wp\/v2\/pages\/458\/revisions\/1652"}],"up":[{"embeddable":true,"href":"http:\/\/gruene-lk-ks.de\/vellmar\/wp-json\/wp\/v2\/pages\/69"}],"wp:attachment":[{"href":"http:\/\/gruene-lk-ks.de\/vellmar\/wp-json\/wp\/v2\/media?parent=458"}],"curies":[{"name":"wp","href":"https:\/\/api.w.org\/{rel}","templated":true}]}}