{"id":463,"date":"2015-10-15T16:45:08","date_gmt":"2015-10-15T14:45:08","guid":{"rendered":"http:\/\/gruene-lk-ks.de\/vellmar\/?page_id=463"},"modified":"2022-10-16T13:01:56","modified_gmt":"2022-10-16T11:01:56","slug":"kinder-familie-solidarische-gesellschaft","status":"publish","type":"page","link":"http:\/\/gruene-lk-ks.de\/vellmar\/unsere-themen\/gruene-positionen\/kinder-familie-solidarische-gesellschaft\/","title":{"rendered":"Ahnepark und Gr\u00fcnfl\u00e4chen"},"content":{"rendered":"<p style=\"text-align: justify\"><strong>F\u00fcr Mensch und Tier<img loading=\"lazy\" class=\"alignright wp-image-1482\" src=\"http:\/\/gruene-lk-ks.de\/vellmar\/files\/2021\/04\/20190723_103415-292x600.jpg\" alt=\"\" width=\"157\" height=\"323\" srcset=\"http:\/\/gruene-lk-ks.de\/vellmar\/files\/2021\/04\/20190723_103415-292x600.jpg 292w, http:\/\/gruene-lk-ks.de\/vellmar\/files\/2021\/04\/20190723_103415-583x1200.jpg 583w, http:\/\/gruene-lk-ks.de\/vellmar\/files\/2021\/04\/20190723_103415-768x1580.jpg 768w, http:\/\/gruene-lk-ks.de\/vellmar\/files\/2021\/04\/20190723_103415-747x1536.jpg 747w, http:\/\/gruene-lk-ks.de\/vellmar\/files\/2021\/04\/20190723_103415-996x2048.jpg 996w, http:\/\/gruene-lk-ks.de\/vellmar\/files\/2021\/04\/20190723_103415-73x150.jpg 73w, http:\/\/gruene-lk-ks.de\/vellmar\/files\/2021\/04\/20190723_103415-scaled.jpg 1244w\" sizes=\"(max-width: 157px) 100vw, 157px\" \/><\/strong><\/p>\n<p>Unser Ahnepark ist nicht nur ein bekanntes Ausflugsziel und Ort der Entspannung, er ist auch Heimat f\u00fcr viele Tiere.<\/p>\n<p style=\"text-align: justify\">Wir wollen, dass mehr Fl\u00e4chen insektenfreundlicher werden und mehr Anreize f\u00fcr naturnahe Vorg\u00e4rten in den Stadtteilen geschaffen werden.<\/p>\n<p><a href=\"http:\/\/gruene-lk-ks.de\/vellmar\/erst-geht-das-unkraut-dann-geht-alles-andere\/\">Erst geht das &#8222;Unkraut&#8220;, dann geht&#8230;<\/a><\/p>\n","protected":false},"excerpt":{"rendered":"<p>F\u00fcr Mensch und Tier Unser Ahnepark ist nicht nur ein bekanntes Ausflugsziel und Ort der Entspannung, er ist auch Heimat f\u00fcr viele Tiere. Wir wollen, dass mehr Fl\u00e4chen insektenfreundlicher werden&#8230; <\/p>\n","protected":false},"author":15,"featured_media":0,"parent":69,"menu_order":2,"comment_status":"open","ping_status":"open","template":"","meta":{"ngg_post_thumbnail":0},"_links":{"self":[{"href":"http:\/\/gruene-lk-ks.de\/vellmar\/wp-json\/wp\/v2\/pages\/463"}],"collection":[{"href":"http:\/\/gruene-lk-ks.de\/vellmar\/wp-json\/wp\/v2\/pages"}],"about":[{"href":"http:\/\/gruene-lk-ks.de\/vellmar\/wp-json\/wp\/v2\/types\/page"}],"author":[{"embeddable":true,"href":"http:\/\/gruene-lk-ks.de\/vellmar\/wp-json\/wp\/v2\/users\/15"}],"replies":[{"embeddable":true,"href":"http:\/\/gruene-lk-ks.de\/vellmar\/wp-json\/wp\/v2\/comments?post=463"}],"version-history":[{"count":8,"href":"http:\/\/gruene-lk-ks.de\/vellmar\/wp-json\/wp\/v2\/pages\/463\/revisions"}],"predecessor-version":[{"id":1653,"href":"http:\/\/gruene-lk-ks.de\/vellmar\/wp-json\/wp\/v2\/pages\/463\/revisions\/1653"}],"up":[{"embeddable":true,"href":"http:\/\/gruene-lk-ks.de\/vellmar\/wp-json\/wp\/v2\/pages\/69"}],"wp:attachment":[{"href":"http:\/\/gruene-lk-ks.de\/vellmar\/wp-json\/wp\/v2\/media?parent=463"}],"curies":[{"name":"wp","href":"https:\/\/api.w.org\/{rel}","templated":true}]}}