{"id":466,"date":"2015-10-15T16:49:47","date_gmt":"2015-10-15T14:49:47","guid":{"rendered":"http:\/\/gruene-lk-ks.de\/vellmar\/?page_id=466"},"modified":"2021-04-29T21:54:09","modified_gmt":"2021-04-29T19:54:09","slug":"stadtentwicklung","status":"publish","type":"page","link":"http:\/\/gruene-lk-ks.de\/vellmar\/unsere-themen\/gruene-positionen\/stadtentwicklung\/","title":{"rendered":"Teilhabe und Mitbestimmung"},"content":{"rendered":"<p style=\"text-align: justify\"><strong>F\u00fcr alle<img loading=\"lazy\" class=\"alignright wp-image-1490\" src=\"http:\/\/gruene-lk-ks.de\/vellmar\/files\/2021\/04\/20200704_120756-400x194.jpg\" alt=\"\" width=\"326\" height=\"158\" srcset=\"http:\/\/gruene-lk-ks.de\/vellmar\/files\/2021\/04\/20200704_120756-400x194.jpg 400w, http:\/\/gruene-lk-ks.de\/vellmar\/files\/2021\/04\/20200704_120756-800x389.jpg 800w, http:\/\/gruene-lk-ks.de\/vellmar\/files\/2021\/04\/20200704_120756-768x373.jpg 768w, http:\/\/gruene-lk-ks.de\/vellmar\/files\/2021\/04\/20200704_120756-1536x747.jpg 1536w, http:\/\/gruene-lk-ks.de\/vellmar\/files\/2021\/04\/20200704_120756-2048x996.jpg 2048w, http:\/\/gruene-lk-ks.de\/vellmar\/files\/2021\/04\/20200704_120756-150x73.jpg 150w\" sizes=\"(max-width: 326px) 100vw, 326px\" \/><\/strong><\/p>\n<p>Vellmar sind wir alle, Vellmar ist das Zuhause f\u00fcr Alt und Jung. Wir m\u00fcssen auf die Ver\u00e4nderungen des demographischen Wandels reagieren und daf\u00fcr sorgen, dass unsere Kinder beim Besuch der Kitas und unsere SeniorInnen in den Pflegeeinrichtungen in die besten H\u00e4nde kommen. Jugendliche wollen ernst genommen werden und Familien wollen \u201eFamilie und Beruf\u201c unter einen Hut bringen.<\/p>\n<p>Wir wollen deshalb die Geb\u00fchrenfreiheit f\u00fcr den Kita-Besuch und den Ausbau kostenfreier st\u00e4dtischer Betreuungsangebote, die Einrichtung eines Jugendparlaments und die barrierefreie Ausgestaltung des \u00f6ffentlichen Raumes.<\/p>\n","protected":false},"excerpt":{"rendered":"<p>F\u00fcr alle Vellmar sind wir alle, Vellmar ist das Zuhause f\u00fcr Alt und Jung. Wir m\u00fcssen auf die Ver\u00e4nderungen des demographischen Wandels reagieren und daf\u00fcr sorgen, dass unsere Kinder beim&#8230; <\/p>\n","protected":false},"author":15,"featured_media":0,"parent":69,"menu_order":3,"comment_status":"open","ping_status":"open","template":"","meta":{"ngg_post_thumbnail":0},"_links":{"self":[{"href":"http:\/\/gruene-lk-ks.de\/vellmar\/wp-json\/wp\/v2\/pages\/466"}],"collection":[{"href":"http:\/\/gruene-lk-ks.de\/vellmar\/wp-json\/wp\/v2\/pages"}],"about":[{"href":"http:\/\/gruene-lk-ks.de\/vellmar\/wp-json\/wp\/v2\/types\/page"}],"author":[{"embeddable":true,"href":"http:\/\/gruene-lk-ks.de\/vellmar\/wp-json\/wp\/v2\/users\/15"}],"replies":[{"embeddable":true,"href":"http:\/\/gruene-lk-ks.de\/vellmar\/wp-json\/wp\/v2\/comments?post=466"}],"version-history":[{"count":11,"href":"http:\/\/gruene-lk-ks.de\/vellmar\/wp-json\/wp\/v2\/pages\/466\/revisions"}],"predecessor-version":[{"id":1491,"href":"http:\/\/gruene-lk-ks.de\/vellmar\/wp-json\/wp\/v2\/pages\/466\/revisions\/1491"}],"up":[{"embeddable":true,"href":"http:\/\/gruene-lk-ks.de\/vellmar\/wp-json\/wp\/v2\/pages\/69"}],"wp:attachment":[{"href":"http:\/\/gruene-lk-ks.de\/vellmar\/wp-json\/wp\/v2\/media?parent=466"}],"curies":[{"name":"wp","href":"https:\/\/api.w.org\/{rel}","templated":true}]}}