{"id":468,"date":"2015-10-15T16:51:52","date_gmt":"2015-10-15T14:51:52","guid":{"rendered":"http:\/\/gruene-lk-ks.de\/vellmar\/?page_id=468"},"modified":"2021-04-29T21:51:44","modified_gmt":"2021-04-29T19:51:44","slug":"haushalt","status":"publish","type":"page","link":"http:\/\/gruene-lk-ks.de\/vellmar\/unsere-themen\/gruene-positionen\/haushalt\/","title":{"rendered":"Demokratie"},"content":{"rendered":"<p style=\"text-align: justify\"><strong>Beteiligung<img loading=\"lazy\" class=\"alignright wp-image-1486\" src=\"http:\/\/gruene-lk-ks.de\/vellmar\/files\/2021\/04\/IMG-20190807-WA0003-400x533.jpg\" alt=\"\" width=\"213\" height=\"284\" srcset=\"http:\/\/gruene-lk-ks.de\/vellmar\/files\/2021\/04\/IMG-20190807-WA0003-400x533.jpg 400w, http:\/\/gruene-lk-ks.de\/vellmar\/files\/2021\/04\/IMG-20190807-WA0003-800x1067.jpg 800w, http:\/\/gruene-lk-ks.de\/vellmar\/files\/2021\/04\/IMG-20190807-WA0003-768x1024.jpg 768w, http:\/\/gruene-lk-ks.de\/vellmar\/files\/2021\/04\/IMG-20190807-WA0003-1152x1536.jpg 1152w, http:\/\/gruene-lk-ks.de\/vellmar\/files\/2021\/04\/IMG-20190807-WA0003-113x150.jpg 113w, http:\/\/gruene-lk-ks.de\/vellmar\/files\/2021\/04\/IMG-20190807-WA0003.jpg 1200w\" sizes=\"(max-width: 213px) 100vw, 213px\" \/><\/strong><\/p>\n<p>Eine lebendige Demokratie beschr\u00e4nkt sich nicht nur auf das Wahlrecht. Auch in den Zeiten zwischen den Wahlen sollen die B\u00fcrgerInnen \u00fcber wichtige kommunalpolitische Sachfragen informiert und eingebunden werden.<\/p>\n<p style=\"text-align: justify\">Wir wollen deshalb mehr demokratische Beteiligungsm\u00f6glichkeiten f\u00fcr die B\u00fcrgerInnen und mehr Transparenz der Stadtpolitik.<\/p>\n","protected":false},"excerpt":{"rendered":"<p>Beteiligung Eine lebendige Demokratie beschr\u00e4nkt sich nicht nur auf das Wahlrecht. Auch in den Zeiten zwischen den Wahlen sollen die B\u00fcrgerInnen \u00fcber wichtige kommunalpolitische Sachfragen informiert und eingebunden werden. Wir&#8230; <\/p>\n","protected":false},"author":15,"featured_media":0,"parent":69,"menu_order":4,"comment_status":"open","ping_status":"open","template":"","meta":{"ngg_post_thumbnail":0},"_links":{"self":[{"href":"http:\/\/gruene-lk-ks.de\/vellmar\/wp-json\/wp\/v2\/pages\/468"}],"collection":[{"href":"http:\/\/gruene-lk-ks.de\/vellmar\/wp-json\/wp\/v2\/pages"}],"about":[{"href":"http:\/\/gruene-lk-ks.de\/vellmar\/wp-json\/wp\/v2\/types\/page"}],"author":[{"embeddable":true,"href":"http:\/\/gruene-lk-ks.de\/vellmar\/wp-json\/wp\/v2\/users\/15"}],"replies":[{"embeddable":true,"href":"http:\/\/gruene-lk-ks.de\/vellmar\/wp-json\/wp\/v2\/comments?post=468"}],"version-history":[{"count":7,"href":"http:\/\/gruene-lk-ks.de\/vellmar\/wp-json\/wp\/v2\/pages\/468\/revisions"}],"predecessor-version":[{"id":1488,"href":"http:\/\/gruene-lk-ks.de\/vellmar\/wp-json\/wp\/v2\/pages\/468\/revisions\/1488"}],"up":[{"embeddable":true,"href":"http:\/\/gruene-lk-ks.de\/vellmar\/wp-json\/wp\/v2\/pages\/69"}],"wp:attachment":[{"href":"http:\/\/gruene-lk-ks.de\/vellmar\/wp-json\/wp\/v2\/media?parent=468"}],"curies":[{"name":"wp","href":"https:\/\/api.w.org\/{rel}","templated":true}]}}