{"id":47,"date":"2015-03-03T17:27:17","date_gmt":"2015-03-03T15:27:17","guid":{"rendered":"http:\/\/gruene-lk-ks.de\/vellmar\/?page_id=47"},"modified":"2022-10-16T12:52:37","modified_gmt":"2022-10-16T10:52:37","slug":"sigis-gruene-tipps","status":"publish","type":"page","link":"http:\/\/gruene-lk-ks.de\/vellmar\/sigis-gruene-tipps\/","title":{"rendered":"Sigis GR\u00dcNE Tipps"},"content":{"rendered":"<h2><a class=\"fancybox\" rel=\"gallery47\" href=\"http:\/\/gruene-lk-ks.de\/vellmar\/files\/2015\/03\/Sigi.jpg\"><img loading=\"lazy\" class=\" wp-image-229 alignright\" src=\"http:\/\/gruene-lk-ks.de\/vellmar\/files\/2015\/03\/Sigi.jpg\" alt=\"Sigi\" width=\"212\" height=\"246\" srcset=\"http:\/\/gruene-lk-ks.de\/vellmar\/files\/2015\/03\/Sigi.jpg 222w, http:\/\/gruene-lk-ks.de\/vellmar\/files\/2015\/03\/Sigi-129x150.jpg 129w\" sizes=\"(max-width: 212px) 100vw, 212px\" \/><\/a><\/h2>\n<p>Hallo und herzlich Willkommen zu meinen GR\u00dcNEN Tipps,<\/p>\n<p>ich w\u00fcnsche Euch viel Spa\u00df beim St\u00f6bern und Ausprobieren &#8230; und bleibt gesund!<\/p>\n<p style=\"text-align: center\"><em>Euer Siegfried Kopperschmidt<\/em><\/p>\n<p style=\"text-align: left\"><span style=\"color: #339966\"><a style=\"color: #339966\" href=\"http:\/\/gruene-lk-ks.de\/vellmar\/sigis-gruene-tipps\/haushaltsbuch-fuehren\/\">Haushaltsbuch f\u00fchren<\/a><\/span><\/p>\n<p style=\"text-align: left\"><a href=\"http:\/\/gruene-lk-ks.de\/vellmar\/sigis-gruene-tipps\/versicherungen-sinnvoll-und-nicht-sinnvoll\/\">Versicherungen, die man braucht und nicht braucht<\/a><\/p>\n<p><a href=\"http:\/\/gruene-lk-ks.de\/vellmar\/sigis-gruene-tipps\/frischer-duft-im-haus\/\">Frischer Duft im Haus<\/a><\/p>\n<p><a href=\"http:\/\/gruene-lk-ks.de\/vellmar\/sigis-gruene-tipps\/5-energiespartipps-auto-reifen-wechsel\/\">5 Energiespartipps Auto-Reifen-Wechsel<\/a><\/p>\n<p><a href=\"http:\/\/gruene-lk-ks.de\/vellmar\/sigis-gruene-tipps\/5-gesundheitstipps-fuer-den-herbst-und-winter\/\">5 Gesundheitstipps f\u00fcr den Herbst und Winter<\/a><\/p>\n\n\n<p><\/p>\n","protected":false},"excerpt":{"rendered":"<p>Hallo und herzlich Willkommen zu meinen GR\u00dcNEN Tipps, ich w\u00fcnsche Euch viel Spa\u00df beim St\u00f6bern und Ausprobieren &#8230; und bleibt gesund! Euer Siegfried Kopperschmidt Haushaltsbuch f\u00fchren Versicherungen, die man braucht&#8230; <\/p>\n","protected":false},"author":2,"featured_media":0,"parent":0,"menu_order":4,"comment_status":"closed","ping_status":"open","template":"","meta":{"ngg_post_thumbnail":0},"_links":{"self":[{"href":"http:\/\/gruene-lk-ks.de\/vellmar\/wp-json\/wp\/v2\/pages\/47"}],"collection":[{"href":"http:\/\/gruene-lk-ks.de\/vellmar\/wp-json\/wp\/v2\/pages"}],"about":[{"href":"http:\/\/gruene-lk-ks.de\/vellmar\/wp-json\/wp\/v2\/types\/page"}],"author":[{"embeddable":true,"href":"http:\/\/gruene-lk-ks.de\/vellmar\/wp-json\/wp\/v2\/users\/2"}],"replies":[{"embeddable":true,"href":"http:\/\/gruene-lk-ks.de\/vellmar\/wp-json\/wp\/v2\/comments?post=47"}],"version-history":[{"count":32,"href":"http:\/\/gruene-lk-ks.de\/vellmar\/wp-json\/wp\/v2\/pages\/47\/revisions"}],"predecessor-version":[{"id":1648,"href":"http:\/\/gruene-lk-ks.de\/vellmar\/wp-json\/wp\/v2\/pages\/47\/revisions\/1648"}],"wp:attachment":[{"href":"http:\/\/gruene-lk-ks.de\/vellmar\/wp-json\/wp\/v2\/media?parent=47"}],"curies":[{"name":"wp","href":"https:\/\/api.w.org\/{rel}","templated":true}]}}