{"id":647,"date":"2015-12-16T12:51:36","date_gmt":"2015-12-16T10:51:36","guid":{"rendered":"http:\/\/gruene-lk-ks.de\/vellmar\/?page_id=647"},"modified":"2015-12-16T13:09:35","modified_gmt":"2015-12-16T11:09:35","slug":"frischer-duft-im-haus","status":"publish","type":"page","link":"http:\/\/gruene-lk-ks.de\/vellmar\/sigis-gruene-tipps\/frischer-duft-im-haus\/","title":{"rendered":"Frischer Duft im Haus"},"content":{"rendered":"<div>Der November ist nicht selten ein Schmuddelmonat. Am liebsten ist man zu Hause, liest ein gutes Buch und trinkt einen sch\u00f6nen hei\u00dfen Tee. Wenn dann auch noch alles gut riecht, wirkt sich das doppelt und dreifach positiv auf unser Gem\u00fct aus. Einfach mal ausprobieren und wohlf\u00fchlen:<\/div>\n<div><\/div>\n<div><\/div>\n<ul>\n<li><b><i><strong><em>Muffelige Schr\u00e4nke und Koffer<\/em><\/strong><\/i><\/b><\/li>\n<\/ul>\n<p>Schneiden sie die Beinl\u00e4ngen von ausgedienten Strumpfhosen ab, stecken sie ein St\u00fcck ausgepackter, gut duftender Seife hinein. Dann die Str\u00fcmpfe zubinden und an einem Kleiderb\u00fcgel aufh\u00e4ngen. Die Seife vertreibt Fliegen, M\u00fccken, Motten, der Schrank und die Kleidung reichen duftend frisch. Wie bei Kerzen gilt auch f\u00fcr Seife: je l\u00e4nger sie zwischengelagert wird, desto l\u00e4nger kann man sie sp\u00e4ter benutzen.<\/p>\n<p>&nbsp;<\/p>\n<ul>\n<li><strong><em>Geruch beim Staubsaugen<\/em><\/strong><\/li>\n<\/ul>\n<p>Riecht der Staubsauger unangenehm, saugt man gelegentlich eine Hand voll Waschpulver auf. Dieser angenehm feine Geruch verteilt sich in allen R\u00e4umen.<\/p>\n<h2><strong>\u00a0<\/strong><\/h2>\n<ul>\n<li><b><i><strong><em>Aschenbechergeruch<\/em><\/strong><\/i><\/b><\/li>\n<\/ul>\n<p>Ein Aschenbecher riecht immer! Das kann man reduzieren indem man etwas Natron auf den Boden des leeren Bechers streut.<\/p>\n<p>&nbsp;<\/p>\n<ul>\n<li><b><i><strong><em>Fichtennadel\u00f6l-T\u00fccher<\/em><\/strong><\/i><\/b><\/li>\n<\/ul>\n<p>T\u00fccher mit einigen Tropfen Fichtennadel\u00f6l betr\u00e4ufelt und im Raum verteilt, ergeben einen lang anhaltenden Frischeduft ganz ohne Sprays.<\/p>\n<p><strong>\u00a0<\/strong><\/p>\n<ul>\n<li><b><i><strong><em>Obstschalen auf der Heizung<\/em><\/strong><\/i><\/b><\/li>\n<\/ul>\n<p>Die getrockneten Schalen von Orangen und Zitronen auf der Heizung verteilen gerade in dieser Jahreszeit ihren w\u00fcrzigen frischen Duft in den R\u00e4umen.<\/p>\n","protected":false},"excerpt":{"rendered":"<p>Der November ist nicht selten ein Schmuddelmonat. Am liebsten ist man zu Hause, liest ein gutes Buch und trinkt einen sch\u00f6nen hei\u00dfen Tee. Wenn dann auch noch alles gut riecht,&#8230; <\/p>\n","protected":false},"author":15,"featured_media":0,"parent":47,"menu_order":2,"comment_status":"closed","ping_status":"closed","template":"","meta":{"ngg_post_thumbnail":0},"_links":{"self":[{"href":"http:\/\/gruene-lk-ks.de\/vellmar\/wp-json\/wp\/v2\/pages\/647"}],"collection":[{"href":"http:\/\/gruene-lk-ks.de\/vellmar\/wp-json\/wp\/v2\/pages"}],"about":[{"href":"http:\/\/gruene-lk-ks.de\/vellmar\/wp-json\/wp\/v2\/types\/page"}],"author":[{"embeddable":true,"href":"http:\/\/gruene-lk-ks.de\/vellmar\/wp-json\/wp\/v2\/users\/15"}],"replies":[{"embeddable":true,"href":"http:\/\/gruene-lk-ks.de\/vellmar\/wp-json\/wp\/v2\/comments?post=647"}],"version-history":[{"count":5,"href":"http:\/\/gruene-lk-ks.de\/vellmar\/wp-json\/wp\/v2\/pages\/647\/revisions"}],"predecessor-version":[{"id":660,"href":"http:\/\/gruene-lk-ks.de\/vellmar\/wp-json\/wp\/v2\/pages\/647\/revisions\/660"}],"up":[{"embeddable":true,"href":"http:\/\/gruene-lk-ks.de\/vellmar\/wp-json\/wp\/v2\/pages\/47"}],"wp:attachment":[{"href":"http:\/\/gruene-lk-ks.de\/vellmar\/wp-json\/wp\/v2\/media?parent=647"}],"curies":[{"name":"wp","href":"https:\/\/api.w.org\/{rel}","templated":true}]}}