{"id":650,"date":"2015-12-16T12:56:39","date_gmt":"2015-12-16T10:56:39","guid":{"rendered":"http:\/\/gruene-lk-ks.de\/vellmar\/?page_id=650"},"modified":"2015-12-16T13:08:00","modified_gmt":"2015-12-16T11:08:00","slug":"versicherungen-sinnvoll-und-nicht-sinnvoll","status":"publish","type":"page","link":"http:\/\/gruene-lk-ks.de\/vellmar\/sigis-gruene-tipps\/versicherungen-sinnvoll-und-nicht-sinnvoll\/","title":{"rendered":"Versicherungen &#8211; sinnvoll und nicht sinnvoll"},"content":{"rendered":"<p>Zum Ende des Jahres hin ist f\u00fcr viele Verbraucher die Zeit, ihren Versicherungsbestand zu durchforsten. Dabei stellt man immer wieder fest, dass so manche Versicherung eigentlich gar nicht n\u00f6tig ist und wichtige Policen gar nicht vorhanden sind. In jedem Fall sollte man rechtzeitig nachschauen und Preise\u00a0mit Leistungen\u00a0vergleichen. Denn das lohnt sich auf jeden Fall:<\/p>\n<h4>Versicherungen, die niemand braucht<strong>\u00a0<\/strong><\/h4>\n<p><b><i><strong><em>Handy-Versicherung<\/em><\/strong><\/i><\/b><\/p>\n<p>Die angebotenen Policen sind v\u00f6llig \u00fcberteuert und enthalten meist eine hohe Selbstbeteiligung.<\/p>\n<p><strong><em>Glasbruch-Versicherung<\/em><\/strong><\/p>\n<p>Lohnt sich wirklich nur f\u00fcr den, der in einem Glashaus wohnt.<\/p>\n<p><b><i><strong><em>Reisegep\u00e4ck-Versicherung<\/em><\/strong><\/i><\/b><strong><em>\u00a0<\/em><\/strong><\/p>\n<p>Die Vertr\u00e4ge enthalten viele Ausschl\u00fcsse, wo keine Leistungen erfolgen. Immer wird auf die hohen Sorgfaltspflichten hingewiesen, die man einhalten muss. Meist tritt ein Schadensfall ein, wenn man die Sorgfaltspflicht vernachl\u00e4ssigt hat.<\/p>\n<p><b><i><strong><em>Fahrrad-Versicherung<\/em><\/strong><\/i><\/b><\/p>\n<p>Sehr \u00fcberteuert! Lohnt sich wirklich nur bei sehr teuren R\u00e4dern.<\/p>\n<p><strong>\u00a0<em>I<\/em><\/strong><em><b><strong>nsassen-Unfall-Versicherung<\/strong><\/b><\/em><\/p>\n<p>Als Insasse eines Fahrzeuges hat man im Schadensfall Anspr\u00fcche an den Fahrer. Dessen KFZ-Haftpflichtversicherung deckt aber diese Forderungen bereits ab.<\/p>\n<h4><\/h4>\n<h4>Versicherungen, die sinnvoll sind<\/h4>\n<p><b><i><strong><em>Private Haftpficht-Versicherung<\/em><\/strong><\/i><\/b><\/p>\n<p>Getragen werden alle Sach- und Personensch\u00e4den, die man ohne Vorsatz versehendlich anderen zugef\u00fcgt hat, in Millionenh\u00f6he.<\/p>\n<p><strong><em>Berufsunf\u00e4higkeits-Versicherung<\/em><\/strong><\/p>\n<p>Zahlt regelm\u00e4\u00dfig eine Rente, wenn man aus gesundheitlich gr\u00fcnden nicht mehr arbeiten kann.<\/p>\n<p><b><i><strong><em>Hausrat-Versicherung<\/em><\/strong><\/i><\/b><\/p>\n<p>Ersetzt M\u00f6bel und andere Dinge des Haushalts z.B. nach Wassersch\u00e4den oder Einbruch.<\/p>\n<p><b><i><strong><em>Auslands-Kranken-Versicherung<\/em><\/strong><\/i><\/b><\/p>\n<p>\u00dcbernimmt Krankheitskosten im Ausland, inklusiv Krankenr\u00fccktransport.<\/p>\n<p><b><i><strong><em>Risiko-Lebens-Versicherung<\/em><\/strong><\/i><\/b><\/p>\n<p>Eine g\u00fcnstige Versicherung, die im Todesfall des Versicherten an die Hinterbliebenen ausgezahlt wird. So k\u00f6nnen Verpflichtungen, Schulden oder Beerdigungskosten ausgeglichen werden.<\/p>\n","protected":false},"excerpt":{"rendered":"<p>Zum Ende des Jahres hin ist f\u00fcr viele Verbraucher die Zeit, ihren Versicherungsbestand zu durchforsten. Dabei stellt man immer wieder fest, dass so manche Versicherung eigentlich gar nicht n\u00f6tig ist&#8230; <\/p>\n","protected":false},"author":15,"featured_media":0,"parent":47,"menu_order":1,"comment_status":"closed","ping_status":"closed","template":"","meta":{"ngg_post_thumbnail":0},"_links":{"self":[{"href":"http:\/\/gruene-lk-ks.de\/vellmar\/wp-json\/wp\/v2\/pages\/650"}],"collection":[{"href":"http:\/\/gruene-lk-ks.de\/vellmar\/wp-json\/wp\/v2\/pages"}],"about":[{"href":"http:\/\/gruene-lk-ks.de\/vellmar\/wp-json\/wp\/v2\/types\/page"}],"author":[{"embeddable":true,"href":"http:\/\/gruene-lk-ks.de\/vellmar\/wp-json\/wp\/v2\/users\/15"}],"replies":[{"embeddable":true,"href":"http:\/\/gruene-lk-ks.de\/vellmar\/wp-json\/wp\/v2\/comments?post=650"}],"version-history":[{"count":5,"href":"http:\/\/gruene-lk-ks.de\/vellmar\/wp-json\/wp\/v2\/pages\/650\/revisions"}],"predecessor-version":[{"id":658,"href":"http:\/\/gruene-lk-ks.de\/vellmar\/wp-json\/wp\/v2\/pages\/650\/revisions\/658"}],"up":[{"embeddable":true,"href":"http:\/\/gruene-lk-ks.de\/vellmar\/wp-json\/wp\/v2\/pages\/47"}],"wp:attachment":[{"href":"http:\/\/gruene-lk-ks.de\/vellmar\/wp-json\/wp\/v2\/media?parent=650"}],"curies":[{"name":"wp","href":"https:\/\/api.w.org\/{rel}","templated":true}]}}