{"id":672,"date":"2016-01-09T14:35:32","date_gmt":"2016-01-09T12:35:32","guid":{"rendered":"http:\/\/gruene-lk-ks.de\/vellmar\/?page_id=672"},"modified":"2016-01-09T14:54:29","modified_gmt":"2016-01-09T12:54:29","slug":"haushaltsbuch-fuehren","status":"publish","type":"page","link":"http:\/\/gruene-lk-ks.de\/vellmar\/sigis-gruene-tipps\/haushaltsbuch-fuehren\/","title":{"rendered":"Haushaltsbuch f\u00fchren"},"content":{"rendered":"<p>Der Januar eines neuen Jahres ist der ideale Zeitpunkt f\u00fcr Neustarts aller Art. Viele nutzen die Gelegenheit und beginnen mit einem Haushaltsbuch. Die Vorteile liegen klar auf der Hand: Bei den vielen Vertr\u00e4gen und Betr\u00e4gen hilft es, den \u00dcberblick zu bewahren und Preisvergleiche einfacher zu erm\u00f6glichen. Es kostet zwar ein wenig Zeit und Disziplin, das Buch auf dem Laufenden zu halten, spart aber Geld und b\u00f6se \u00dcberraschungen. Deshalb mein Januar Tipp &#8211; Haushaltsbuch f\u00fchren!<\/p>\n<p>&nbsp;<\/p>\n<p><b><i><strong><em>Verbraucherzentralen<\/em><\/strong><\/i><\/b><strong><em>\u00a0<\/em><\/strong><\/p>\n<p>Verbraucherzentralen bieten hier Kurse an. Denn effizient ein Haushaltsbuch zu f\u00fchren, ist schon ein wenig Aufwand und eine kleine Kunst.<\/p>\n<p><strong><em>Netto-Einnahmen<\/em><\/strong><\/p>\n<p>Vermerkt werden nur Netto-Einnahmen, aber auch Weihnachts- und Urlaubsgeld.<\/p>\n<p><b><i><strong><em>Feste (fixe) Ausgabe<\/em><\/strong><\/i><\/b><\/p>\n<p>Auch feste Ausgaben notieren wie Miete, Heizung, Telefon, Auto, Versicherungen, GEZ, Steuer, auch wenn diese nur viertel-, halb- oder j\u00e4hrlich anfallen. Wichtig, um ein Gef\u00fchl zu erhalten, welche Monate traditionell besonders &#8222;eng&#8220; sind.<\/p>\n<p><b><i><strong><em>R\u00fccklagenkonto<\/em><\/strong><\/i><\/b><\/p>\n<p>F\u00fcr Ausgaben, die einen l\u00e4ngeren Zeitraum z.B. j\u00e4hrlich zusammenfassen, ist anzuraten, dieses Kostenpaket auf die betroffenen Monate aufzuteilen, um so R\u00fccklagen f\u00fcr die gro\u00dfe Zahlung zu bilden. Anzuraten ist da ein gesondertes Konto.<\/p>\n<p><b><i><strong><em>Konto-Ausz\u00fcge<\/em><\/strong><\/i><\/b><\/p>\n<p>Feste Ausgaben immer nach den Kontoausz\u00fcgen eintragen. So erfassen sie Betrags\u00e4nderungen und Fehlbuchungen.<\/p>\n<p><strong><em>F<strong>reies<\/strong> Ausgabevolumen je Tag<\/em><\/strong><\/p>\n<p>Wenn man herausgefunden hat, welche Betr\u00e4ge in diesem Monat hereinkommen, muss man davon die festen Kosten des Monats davon abziehen und dann dieses Ergebnis durch 30 Teilen, um so den Tagesverbrauch auszurechnen.<\/p>\n<p><b><i><strong><em>Wochenquercheck<\/em><\/strong><\/i><\/b><\/p>\n<p>Jedes Wochenende ist Zeit f\u00fcr eine Zwischensumme. So bekommt man die Sicherheit f\u00fcr ein gutes Monatsergebnis.<\/p>\n<p><b><i><strong><em>Kauf mit Karte<\/em><\/strong><\/i><\/b><\/p>\n<p>Im Haushaltsbuch auch vermerken, was mit Karte bezahlt wurde. Die Betr\u00e4ge anders markieren, um zu sehen, was vom Konto abgebucht wurde. Doch Vorsicht: Die Verbraucherzentralen haben den Beweis, wer mit Karte(n) bezahlt, geht sorgloser und unbewusst gro\u00dfz\u00fcgiger mit seinem Geldvolumen um.<\/p>\n<p><b><i><strong><em>Haushaltsgeld der Woche<\/em><\/strong><\/i><\/b><\/p>\n<p>Am sparsamsten haushalten kann der, der einmal pro Woche das verf\u00fcgbare Haushaltsgeld vom Konto holt und versucht damit die Woche zu bestreiten.<\/p>\n<p><strong><em>Haushaltsbuch als Buch f\u00fchren<\/em><\/strong><\/p>\n<p>Es gibt gen\u00fcgend Computerprogramme zur Haushaltsf\u00fchrung. Wer sich daf\u00fcr entscheidet, muss konsequent arbeiten. Denn die H\u00fcrde, den\u00a0Computer hochzufahren,\u00a0l\u00e4sst viele Eintragungen auf sp\u00e4ter verschieben oder sogar ganz vergessen. Einfacher ist ein Buch oder Heft &gt; aufschlagen &gt; eintragen &gt; fertig.<\/p>\n<p><b><i><strong><em>T\u00e4glich eintragen<\/em><\/strong><\/i><\/b><\/p>\n<p><strong><em>\u00a0<\/em><\/strong>Alle Geldbewegungen immer gleich t\u00e4glich eintragen.<\/p>\n<p><b><i><strong><em>Belege und Zettel oder Notizen<\/em><\/strong><\/i><\/b><\/p>\n<p>Lassen sie sich bei wirklich jedem Einkauf den Kassenbeleg geben. Den Zettel statt Geld zur\u00fcckstecken in den Geldbeutel macht die Suche nach den Zetteln des Tages einfacher und nichts geht verloren. Dort wo es keinen Beleg gibt \u2013 z.B. an der Parkuhr \u2013 gleich den Betrag aufschreiben!<\/p>\n<p><b><i><strong><em>Selbstverst\u00e4ndlich wie Z\u00e4hneputzen<\/em><\/strong><\/i><\/b><\/p>\n<p>Das Haushaltsbuch sollte wirklich \u00fcber einen sehr langen Zeitraum gef\u00fchrt werden. Nur so kann man Geldbewegungen erkennen, wo Ausgaben notwendig waren oder wo man unn\u00f6tig viel, falsch eingekauft hat. Erst nach dieser \u00dcbersicht der Gelder kann man falschen Ausgaben entgegensteuern. Ideal ist, wenn das F\u00fchren des Haushaltsbuches so normal wird wie das t\u00e4gliche Z\u00e4hneputzen. Der zeitliche Aufwand sollte je Tag nur wenige Minuten betragen. Machen sie keine Wissenschaft aus einem einfachen Haushaltsbuch.<\/p>\n","protected":false},"excerpt":{"rendered":"<p>Der Januar eines neuen Jahres ist der ideale Zeitpunkt f\u00fcr Neustarts aller Art. Viele nutzen die Gelegenheit und beginnen mit einem Haushaltsbuch. Die Vorteile liegen klar auf der Hand: Bei&#8230; <\/p>\n","protected":false},"author":15,"featured_media":0,"parent":47,"menu_order":0,"comment_status":"closed","ping_status":"closed","template":"","meta":{"ngg_post_thumbnail":0},"_links":{"self":[{"href":"http:\/\/gruene-lk-ks.de\/vellmar\/wp-json\/wp\/v2\/pages\/672"}],"collection":[{"href":"http:\/\/gruene-lk-ks.de\/vellmar\/wp-json\/wp\/v2\/pages"}],"about":[{"href":"http:\/\/gruene-lk-ks.de\/vellmar\/wp-json\/wp\/v2\/types\/page"}],"author":[{"embeddable":true,"href":"http:\/\/gruene-lk-ks.de\/vellmar\/wp-json\/wp\/v2\/users\/15"}],"replies":[{"embeddable":true,"href":"http:\/\/gruene-lk-ks.de\/vellmar\/wp-json\/wp\/v2\/comments?post=672"}],"version-history":[{"count":3,"href":"http:\/\/gruene-lk-ks.de\/vellmar\/wp-json\/wp\/v2\/pages\/672\/revisions"}],"predecessor-version":[{"id":677,"href":"http:\/\/gruene-lk-ks.de\/vellmar\/wp-json\/wp\/v2\/pages\/672\/revisions\/677"}],"up":[{"embeddable":true,"href":"http:\/\/gruene-lk-ks.de\/vellmar\/wp-json\/wp\/v2\/pages\/47"}],"wp:attachment":[{"href":"http:\/\/gruene-lk-ks.de\/vellmar\/wp-json\/wp\/v2\/media?parent=672"}],"curies":[{"name":"wp","href":"https:\/\/api.w.org\/{rel}","templated":true}]}}