{"id":69,"date":"2015-03-03T18:02:43","date_gmt":"2015-03-03T16:02:43","guid":{"rendered":"http:\/\/gruene-lk-ks.de\/vellmar\/?page_id=69"},"modified":"2021-04-29T20:54:52","modified_gmt":"2021-04-29T18:54:52","slug":"gruene-positionen","status":"publish","type":"page","link":"http:\/\/gruene-lk-ks.de\/vellmar\/unsere-themen\/gruene-positionen\/","title":{"rendered":"GR\u00dcNE Positionen"},"content":{"rendered":"<p>Liebe W\u00e4hlerinnen, liebe W\u00e4hler,<a class=\"fancybox\" rel=\"gallery69\" href=\"http:\/\/gruene-lk-ks.de\/vellmar\/files\/2015\/03\/Mehr-Gr\u00fcn.jpg\"><img loading=\"lazy\" class=\" size-medium wp-image-405 alignright\" src=\"http:\/\/gruene-lk-ks.de\/vellmar\/files\/2015\/03\/Mehr-Gr\u00fcn-400x180.jpg\" alt=\"Mehr Gr\u00fcn\" width=\"400\" height=\"180\" srcset=\"http:\/\/gruene-lk-ks.de\/vellmar\/files\/2015\/03\/Mehr-Gr\u00fcn-400x180.jpg 400w, http:\/\/gruene-lk-ks.de\/vellmar\/files\/2015\/03\/Mehr-Gr\u00fcn-150x67.jpg 150w, http:\/\/gruene-lk-ks.de\/vellmar\/files\/2015\/03\/Mehr-Gr\u00fcn.jpg 476w\" sizes=\"(max-width: 400px) 100vw, 400px\" \/><\/a><\/p>\n<p>Vellmar braucht deutlich mehr GR\u00dcN in der Politik. F\u00fcr mehr Fairness, mehr Transparenz, mehr Demokratie und vor allem f\u00fcr mehr Verantwortung f\u00fcr die Mitwelt, die Umwelt und die Nachwelt!<\/p>\n<p>Seien Sie mit dabei und helfen Sie, Vellmar ein klein wenig GR\u00dcNER zu machen:<\/p>\n<p><strong>\u00a0<\/strong><\/p>\n<h4>Eine Auswahl unserer Themen:<img loading=\"lazy\" class=\"alignright wp-image-1293 size-medium\" src=\"http:\/\/gruene-lk-ks.de\/vellmar\/files\/2020\/07\/20200704_112749-400x194.jpg\" alt=\"\" width=\"400\" height=\"194\" srcset=\"http:\/\/gruene-lk-ks.de\/vellmar\/files\/2020\/07\/20200704_112749-400x194.jpg 400w, http:\/\/gruene-lk-ks.de\/vellmar\/files\/2020\/07\/20200704_112749-768x373.jpg 768w, http:\/\/gruene-lk-ks.de\/vellmar\/files\/2020\/07\/20200704_112749-800x389.jpg 800w, http:\/\/gruene-lk-ks.de\/vellmar\/files\/2020\/07\/20200704_112749-150x73.jpg 150w\" sizes=\"(max-width: 400px) 100vw, 400px\" \/><\/h4>\n<p><a href=\"http:\/\/gruene-lk-ks.de\/vellmar\/unsere-themen\/gruene-positionen\/klima-energie-umwelt\/\">\u00d6kologische Stadtentwicklung<\/a><\/p>\n<p><a href=\"http:\/\/gruene-lk-ks.de\/vellmar\/unsere-themen\/gruene-positionen\/kinder-familie-solidarische-gesellschaft\/\">Ahnepark und Gr\u00fcnfl\u00e4chen<\/a><\/p>\n<p><a href=\"http:\/\/gruene-lk-ks.de\/vellmar\/unsere-themen\/gruene-positionen\/stadtentwicklung\/\">Teilhabe und Mitbestimmung<\/a><\/p>\n<p><a href=\"http:\/\/gruene-lk-ks.de\/vellmar\/unsere-themen\/gruene-positionen\/haushalt\/\">Demokratie<\/a><\/p>\n<p>\u00a0<\/p>\n<h5>Zu diesen und weiteren Themen finden Sie unsere Positionen in unserem Wahlprogramm &#8211; viel Spa\u00df beim St\u00f6bern!<\/h5>\n\n\n<div class=\"wp-block-file\"><a href=\"http:\/\/gruene-lk-ks.de\/vellmar\/files\/2021\/04\/2020-12-17-Wahlprogramm-GRUeNE-2021.pdf\">2020-12-17-Wahlprogramm-GRUeNE-2021<\/a><a href=\"http:\/\/gruene-lk-ks.de\/vellmar\/files\/2021\/04\/2020-12-17-Wahlprogramm-GRUeNE-2021.pdf\" class=\"wp-block-file__button\" download>Herunterladen<\/a><\/div>\n","protected":false},"excerpt":{"rendered":"<p>Liebe W\u00e4hlerinnen, liebe W\u00e4hler, Vellmar braucht deutlich mehr GR\u00dcN in der Politik. F\u00fcr mehr Fairness, mehr Transparenz, mehr Demokratie und vor allem f\u00fcr mehr Verantwortung f\u00fcr die Mitwelt, die Umwelt&#8230; <\/p>\n","protected":false},"author":2,"featured_media":0,"parent":43,"menu_order":2,"comment_status":"closed","ping_status":"open","template":"","meta":{"ngg_post_thumbnail":0},"_links":{"self":[{"href":"http:\/\/gruene-lk-ks.de\/vellmar\/wp-json\/wp\/v2\/pages\/69"}],"collection":[{"href":"http:\/\/gruene-lk-ks.de\/vellmar\/wp-json\/wp\/v2\/pages"}],"about":[{"href":"http:\/\/gruene-lk-ks.de\/vellmar\/wp-json\/wp\/v2\/types\/page"}],"author":[{"embeddable":true,"href":"http:\/\/gruene-lk-ks.de\/vellmar\/wp-json\/wp\/v2\/users\/2"}],"replies":[{"embeddable":true,"href":"http:\/\/gruene-lk-ks.de\/vellmar\/wp-json\/wp\/v2\/comments?post=69"}],"version-history":[{"count":31,"href":"http:\/\/gruene-lk-ks.de\/vellmar\/wp-json\/wp\/v2\/pages\/69\/revisions"}],"predecessor-version":[{"id":1457,"href":"http:\/\/gruene-lk-ks.de\/vellmar\/wp-json\/wp\/v2\/pages\/69\/revisions\/1457"}],"up":[{"embeddable":true,"href":"http:\/\/gruene-lk-ks.de\/vellmar\/wp-json\/wp\/v2\/pages\/43"}],"wp:attachment":[{"href":"http:\/\/gruene-lk-ks.de\/vellmar\/wp-json\/wp\/v2\/media?parent=69"}],"curies":[{"name":"wp","href":"https:\/\/api.w.org\/{rel}","templated":true}]}}