{"id":95,"date":"2023-04-26T18:35:00","date_gmt":"2023-04-26T16:35:00","guid":{"rendered":"http:\/\/gruene-lk-ks.de\/zierenberg\/?page_id=95"},"modified":"2026-01-18T13:23:26","modified_gmt":"2026-01-18T12:23:26","slug":"herzlich-willkommen","status":"publish","type":"page","link":"http:\/\/gruene-lk-ks.de\/zierenberg\/","title":{"rendered":"Kommunalwahl am 15.03.2026"},"content":{"rendered":"\n<p>Wir treten an, weil Zierenberg \u2013 wie viele Kommunen \u2013 vor gro\u00dfen Aufgaben steht. Und weil sich Zukunft ganz konkret hier entscheidet: im Alltag, in der Nachbarschaft, in Vereinen und im Ehrenamt \u2013 und in der politischen Arbeit in der Kommune.<\/p>\n\n\n\n<p>Wir machen Kommunalpolitik nicht f\u00fcr \u00dcberschriften, sondern f\u00fcr Wirkung vor Ort. Nicht mit lauten Versprechen, sondern mit konkreten Impulsen \u2013 sachlich, konstruktiv und im Dialog. Dranbleiben, zuh\u00f6ren, nachfragen \u2013 und Dinge ins Rollen bringen: Das ist unser Anspruch.<\/p>\n\n\n\n<p>Zwischen 2021 und heute haben wir Themen angesto\u00dfen und Entscheidungen mitgepr\u00e4gt: Zierenberg ist Klimakommune geworden, wir haben Verkehrssicherheit vorangebracht (unter anderem rund um die Feuerwehr Burghasungen), Demokratie und Zusammenhalt gest\u00e4rkt und Jugendbeteiligung auf die Agenda gesetzt. Au\u00dferdem wurden auf unseren Antrag hin Haushaltsmittel eingestellt, damit Projekte aus der B\u00fcrgerbeteiligung \u201eVision Zierenberg\u201c umgesetzt werden k\u00f6nnen \u2013 und nicht bei Ideen stehen bleiben. Nicht allem wurde zugestimmt \u2013 trotzdem haben wir konkrete Impulse gesetzt und Ver\u00e4nderungen angesto\u00dfen, die Zierenberg f\u00fcr die Zukunft braucht.<\/p>\n\n\n\n<p>Zierenberg soll ein Ort sein, in dem Menschen sich einbringen k\u00f6nnen \u2013 in der Kernstadt und in den Ortsteilen. Wir sind aktuell in der Kernstadt stark vertreten. Die Ortsteile denken wir mit \u2013 und wir freuen uns \u00fcber Unterst\u00fctzer*innen aus den Ortsteilen, damit wir dort noch pr\u00e4senter sind.<\/p>\n\n\n\n<figure class=\"wp-block-image size-large\"><img loading=\"lazy\" width=\"800\" height=\"1131\" src=\"http:\/\/gruene-lk-ks.de\/zierenberg\/files\/2026\/01\/841x1189_KandidatInnen_Duo_eingerueckt-1-800x1131.jpg\" alt=\"\" class=\"wp-image-283\" srcset=\"http:\/\/gruene-lk-ks.de\/zierenberg\/files\/2026\/01\/841x1189_KandidatInnen_Duo_eingerueckt-1-800x1131.jpg 800w, http:\/\/gruene-lk-ks.de\/zierenberg\/files\/2026\/01\/841x1189_KandidatInnen_Duo_eingerueckt-1-400x565.jpg 400w, http:\/\/gruene-lk-ks.de\/zierenberg\/files\/2026\/01\/841x1189_KandidatInnen_Duo_eingerueckt-1-768x1086.jpg 768w, http:\/\/gruene-lk-ks.de\/zierenberg\/files\/2026\/01\/841x1189_KandidatInnen_Duo_eingerueckt-1-1087x1536.jpg 1087w, http:\/\/gruene-lk-ks.de\/zierenberg\/files\/2026\/01\/841x1189_KandidatInnen_Duo_eingerueckt-1-1449x2048.jpg 1449w, http:\/\/gruene-lk-ks.de\/zierenberg\/files\/2026\/01\/841x1189_KandidatInnen_Duo_eingerueckt-1-106x150.jpg 106w, http:\/\/gruene-lk-ks.de\/zierenberg\/files\/2026\/01\/841x1189_KandidatInnen_Duo_eingerueckt-1-scaled.jpg 1811w\" sizes=\"(max-width: 800px) 100vw, 800px\" \/><\/figure>\n","protected":false},"excerpt":{"rendered":"<p>Wir treten an, weil Zierenberg \u2013 wie viele Kommunen \u2013 vor gro\u00dfen Aufgaben steht. Und weil sich Zukunft ganz konkret hier entscheidet: im Alltag, in der Nachbarschaft, in Vereinen und&#8230; <\/p>\n","protected":false},"author":22,"featured_media":0,"parent":0,"menu_order":0,"comment_status":"closed","ping_status":"closed","template":"page-home-welcome.php","meta":{"ngg_post_thumbnail":0},"_links":{"self":[{"href":"http:\/\/gruene-lk-ks.de\/zierenberg\/wp-json\/wp\/v2\/pages\/95"}],"collection":[{"href":"http:\/\/gruene-lk-ks.de\/zierenberg\/wp-json\/wp\/v2\/pages"}],"about":[{"href":"http:\/\/gruene-lk-ks.de\/zierenberg\/wp-json\/wp\/v2\/types\/page"}],"author":[{"embeddable":true,"href":"http:\/\/gruene-lk-ks.de\/zierenberg\/wp-json\/wp\/v2\/users\/22"}],"replies":[{"embeddable":true,"href":"http:\/\/gruene-lk-ks.de\/zierenberg\/wp-json\/wp\/v2\/comments?post=95"}],"version-history":[{"count":32,"href":"http:\/\/gruene-lk-ks.de\/zierenberg\/wp-json\/wp\/v2\/pages\/95\/revisions"}],"predecessor-version":[{"id":290,"href":"http:\/\/gruene-lk-ks.de\/zierenberg\/wp-json\/wp\/v2\/pages\/95\/revisions\/290"}],"wp:attachment":[{"href":"http:\/\/gruene-lk-ks.de\/zierenberg\/wp-json\/wp\/v2\/media?parent=95"}],"curies":[{"name":"wp","href":"https:\/\/api.w.org\/{rel}","templated":true}]}}